{"id":9477,"date":"2023-03-18T13:01:10","date_gmt":"2023-03-18T13:01:10","guid":{"rendered":"http:\/\/oldpage.gatom.eu\/?post_type=product&#038;p=9477"},"modified":"2023-05-02T13:00:23","modified_gmt":"2023-05-02T13:00:23","slug":"huawei-razsmerniki","status":"publish","type":"product","link":"http:\/\/oldpage.gatom.eu\/hr\/product\/huawei-razsmerniki\/","title":{"rendered":"HUAWEI razsmerniki"},"content":{"rendered":"<h3><span class=\"HwtZe\" lang=\"sl\"><span class=\"jCAhz ChMk0b\"><span class=\"ryNqvb\">Huawei razsmerniki<br \/>\n<\/span><\/span><\/span><\/h3>\n<p>&nbsp;<\/p>\n<p>Huawei je z svojimi produkti prisoten v 170 dr\u017eavah in zagotavlja zanesljive in enostave izdelke za pove\u010danje u\u010dinkovitosti son\u010dnih elektaren. Razsmernik je kot nepogre\u0161ljiva enota fotovoltai\u010dnega sistema in zagotavlja pretvarjanje enosmernega toka pridobljenega iz son\u010dnih celic v izmeni\u010dnega.<\/p>\n<p>&nbsp;<\/p>\n","protected":false},"excerpt":{"rendered":"<p>Huawei rasmerniki so na voljo:<\/p>\n<p>Enofazni: mo\u010di od 2,2 KW do 6 kW<\/p>\n<p>Trifazni: mo\u010di od 3,3 KW do 125 KW<\/p>\n<p>Za cenike,\u00a0 tehni\u010dne specifikacije, kataloge nam lahko pi\u0161ete na info@gatom.eu<\/p>\n","protected":false},"featured_media":9478,"comment_status":"closed","ping_status":"closed","template":"","meta":[],"product_cat":[164],"product_tag":[],"yoast_head":"<!-- This site is optimized with the Yoast SEO plugin v20.2 - https:\/\/yoast.com\/wordpress\/plugins\/seo\/ -->\n<title>HUAWEI razsmerniki - Gatom<\/title>\n<meta name=\"description\" content=\"Huawei raszmerniki zdru\u017eujejo u\u010dinkovitost z enostavno uporabo. Razsmernik je kot nepogre\u0161ljiva komponenta PV sistema namenjen pretvarjanju enosmernega toka iz son\u010dnih celic v izmeni\u010dni. V tej obliki se lahko uporablja ali dovaja v mre\u017eo.\" \/>\n<meta name=\"robots\" content=\"noindex, follow, max-snippet:-1, max-image-preview:large, max-video-preview:-1\" \/>\n<meta property=\"og:locale\" content=\"hr_HR\" \/>\n<meta property=\"og:type\" content=\"article\" \/>\n<meta property=\"og:title\" content=\"HUAWEI razsmerniki - Gatom\" \/>\n<meta property=\"og:description\" content=\"Huawei raszmerniki zdru\u017eujejo u\u010dinkovitost z enostavno uporabo. Razsmernik je kot nepogre\u0161ljiva komponenta PV sistema namenjen pretvarjanju enosmernega toka iz son\u010dnih celic v izmeni\u010dni. V tej obliki se lahko uporablja ali dovaja v mre\u017eo.\" \/>\n<meta property=\"og:url\" content=\"http:\/\/oldpage.gatom.eu\/hr\/product\/huawei-razsmerniki\/\" \/>\n<meta property=\"og:site_name\" content=\"Gatom\" \/>\n<meta property=\"article:modified_time\" content=\"2023-05-02T13:00:23+00:00\" \/>\n<meta property=\"og:image\" content=\"http:\/\/oldpage.gatom.eu\/wp-content\/uploads\/2023\/03\/Huawei-razsmernik.jpg\" \/>\n\t<meta property=\"og:image:width\" content=\"600\" \/>\n\t<meta property=\"og:image:height\" content=\"600\" \/>\n\t<meta property=\"og:image:type\" content=\"image\/jpeg\" \/>\n<meta name=\"twitter:card\" content=\"summary_large_image\" \/>\n<meta name=\"twitter:label1\" content=\"Procijenjeno vrijeme \u010ditanja\" \/>\n\t<meta name=\"twitter:data1\" content=\"1 minuta\" \/>\n<script type=\"application\/ld+json\" class=\"yoast-schema-graph\">{\"@context\":\"https:\/\/schema.org\",\"@graph\":[{\"@type\":\"WebPage\",\"@id\":\"http:\/\/oldpage.gatom.eu\/hr\/product\/huawei-razsmerniki\/\",\"url\":\"http:\/\/oldpage.gatom.eu\/hr\/product\/huawei-razsmerniki\/\",\"name\":\"HUAWEI razsmerniki - Gatom\",\"isPartOf\":{\"@id\":\"http:\/\/oldpage.gatom.eu\/#website\"},\"datePublished\":\"2023-03-18T13:01:10+00:00\",\"dateModified\":\"2023-05-02T13:00:23+00:00\",\"description\":\"Huawei raszmerniki zdru\u017eujejo u\u010dinkovitost z enostavno uporabo. Razsmernik je kot nepogre\u0161ljiva komponenta PV sistema namenjen pretvarjanju enosmernega toka iz son\u010dnih celic v izmeni\u010dni. V tej obliki se lahko uporablja ali dovaja v mre\u017eo.\",\"breadcrumb\":{\"@id\":\"http:\/\/oldpage.gatom.eu\/hr\/product\/huawei-razsmerniki\/#breadcrumb\"},\"inLanguage\":\"hr\",\"potentialAction\":[{\"@type\":\"ReadAction\",\"target\":[\"http:\/\/oldpage.gatom.eu\/hr\/product\/huawei-razsmerniki\/\"]}]},{\"@type\":\"BreadcrumbList\",\"@id\":\"http:\/\/oldpage.gatom.eu\/hr\/product\/huawei-razsmerniki\/#breadcrumb\",\"itemListElement\":[{\"@type\":\"ListItem\",\"position\":1,\"name\":\"Home\",\"item\":\"https:\/\/oldpage.gatom.eu\/hr\/\"},{\"@type\":\"ListItem\",\"position\":2,\"name\":\"Shop\",\"item\":\"http:\/\/oldpage.gatom.eu\/shop\/\"},{\"@type\":\"ListItem\",\"position\":3,\"name\":\"HUAWEI razsmerniki\"}]},{\"@type\":\"WebSite\",\"@id\":\"http:\/\/oldpage.gatom.eu\/#website\",\"url\":\"http:\/\/oldpage.gatom.eu\/\",\"name\":\"Gatom\",\"description\":\"Strokovnjaki za ogrevanje in energetsko neodvisnost\",\"potentialAction\":[{\"@type\":\"SearchAction\",\"target\":{\"@type\":\"EntryPoint\",\"urlTemplate\":\"http:\/\/oldpage.gatom.eu\/?s={search_term_string}\"},\"query-input\":\"required name=search_term_string\"}],\"inLanguage\":\"hr\"}]}<\/script>\n<!-- \/ Yoast SEO plugin. -->","yoast_head_json":{"title":"HUAWEI razsmerniki - Gatom","description":"Huawei raszmerniki zdru\u017eujejo u\u010dinkovitost z enostavno uporabo. Razsmernik je kot nepogre\u0161ljiva komponenta PV sistema namenjen pretvarjanju enosmernega toka iz son\u010dnih celic v izmeni\u010dni. V tej obliki se lahko uporablja ali dovaja v mre\u017eo.","robots":{"index":"noindex","follow":"follow","max-snippet":"max-snippet:-1","max-image-preview":"max-image-preview:large","max-video-preview":"max-video-preview:-1"},"og_locale":"hr_HR","og_type":"article","og_title":"HUAWEI razsmerniki - Gatom","og_description":"Huawei raszmerniki zdru\u017eujejo u\u010dinkovitost z enostavno uporabo. Razsmernik je kot nepogre\u0161ljiva komponenta PV sistema namenjen pretvarjanju enosmernega toka iz son\u010dnih celic v izmeni\u010dni. V tej obliki se lahko uporablja ali dovaja v mre\u017eo.","og_url":"http:\/\/oldpage.gatom.eu\/hr\/product\/huawei-razsmerniki\/","og_site_name":"Gatom","article_modified_time":"2023-05-02T13:00:23+00:00","og_image":[{"width":600,"height":600,"url":"http:\/\/oldpage.gatom.eu\/wp-content\/uploads\/2023\/03\/Huawei-razsmernik.jpg","type":"image\/jpeg"}],"twitter_card":"summary_large_image","twitter_misc":{"Procijenjeno vrijeme \u010ditanja":"1 minuta"},"schema":{"@context":"https:\/\/schema.org","@graph":[{"@type":"WebPage","@id":"http:\/\/oldpage.gatom.eu\/hr\/product\/huawei-razsmerniki\/","url":"http:\/\/oldpage.gatom.eu\/hr\/product\/huawei-razsmerniki\/","name":"HUAWEI razsmerniki - Gatom","isPartOf":{"@id":"http:\/\/oldpage.gatom.eu\/#website"},"datePublished":"2023-03-18T13:01:10+00:00","dateModified":"2023-05-02T13:00:23+00:00","description":"Huawei raszmerniki zdru\u017eujejo u\u010dinkovitost z enostavno uporabo. Razsmernik je kot nepogre\u0161ljiva komponenta PV sistema namenjen pretvarjanju enosmernega toka iz son\u010dnih celic v izmeni\u010dni. V tej obliki se lahko uporablja ali dovaja v mre\u017eo.","breadcrumb":{"@id":"http:\/\/oldpage.gatom.eu\/hr\/product\/huawei-razsmerniki\/#breadcrumb"},"inLanguage":"hr","potentialAction":[{"@type":"ReadAction","target":["http:\/\/oldpage.gatom.eu\/hr\/product\/huawei-razsmerniki\/"]}]},{"@type":"BreadcrumbList","@id":"http:\/\/oldpage.gatom.eu\/hr\/product\/huawei-razsmerniki\/#breadcrumb","itemListElement":[{"@type":"ListItem","position":1,"name":"Home","item":"https:\/\/oldpage.gatom.eu\/hr\/"},{"@type":"ListItem","position":2,"name":"Shop","item":"http:\/\/oldpage.gatom.eu\/shop\/"},{"@type":"ListItem","position":3,"name":"HUAWEI razsmerniki"}]},{"@type":"WebSite","@id":"http:\/\/oldpage.gatom.eu\/#website","url":"http:\/\/oldpage.gatom.eu\/","name":"Gatom","description":"Strokovnjaki za ogrevanje in energetsko neodvisnost","potentialAction":[{"@type":"SearchAction","target":{"@type":"EntryPoint","urlTemplate":"http:\/\/oldpage.gatom.eu\/?s={search_term_string}"},"query-input":"required name=search_term_string"}],"inLanguage":"hr"}]}},"_links":{"self":[{"href":"http:\/\/oldpage.gatom.eu\/hr\/wp-json\/wp\/v2\/product\/9477"}],"collection":[{"href":"http:\/\/oldpage.gatom.eu\/hr\/wp-json\/wp\/v2\/product"}],"about":[{"href":"http:\/\/oldpage.gatom.eu\/hr\/wp-json\/wp\/v2\/types\/product"}],"replies":[{"embeddable":true,"href":"http:\/\/oldpage.gatom.eu\/hr\/wp-json\/wp\/v2\/comments?post=9477"}],"wp:featuredmedia":[{"embeddable":true,"href":"http:\/\/oldpage.gatom.eu\/hr\/wp-json\/wp\/v2\/media\/9478"}],"wp:attachment":[{"href":"http:\/\/oldpage.gatom.eu\/hr\/wp-json\/wp\/v2\/media?parent=9477"}],"wp:term":[{"taxonomy":"product_cat","embeddable":true,"href":"http:\/\/oldpage.gatom.eu\/hr\/wp-json\/wp\/v2\/product_cat?post=9477"},{"taxonomy":"product_tag","embeddable":true,"href":"http:\/\/oldpage.gatom.eu\/hr\/wp-json\/wp\/v2\/product_tag?post=9477"}],"curies":[{"name":"wp","href":"https:\/\/api.w.org\/{rel}","templated":true}]}}