{"id":9361,"date":"2023-02-26T17:22:14","date_gmt":"2023-02-26T17:22:14","guid":{"rendered":"http:\/\/oldpage.gatom.eu\/?post_type=product&#038;p=9361"},"modified":"2023-09-20T12:34:03","modified_gmt":"2023-09-20T12:34:03","slug":"solaredge-se17k-solarni-pretvornik-17kw","status":"publish","type":"product","link":"http:\/\/oldpage.gatom.eu\/hr\/product\/solaredge-se17k-solarni-pretvornik-17kw\/","title":{"rendered":"SolarEdge SE17K \u2013 solarni pretvornik 17KW"},"content":{"rendered":"<h3><span class=\"HwtZe\" lang=\"sl\"><span class=\"jCAhz ChMk0b\"><span class=\"ryNqvb\">SolarEdge SE17K &#8211; SetApp trifazni 17 kW solarni pretvornik za PV sisteme<\/span><\/span><\/span><\/h3>\n<h3><a href=\"http:\/\/oldpage.gatom.eu\/wp-content\/uploads\/2023\/02\/se-three-phase-inverter-12.5K-27.6K-setapp-datasheet-1.pdf\">KATALOG<\/a><\/h3>\n<p><span class=\"HwtZe\" lang=\"sl\"><span class=\"jCAhz ChMk0b\"><span class=\"ryNqvb\">Trifazni pretvornik SolarEdge SE 17K zdru\u017euje sofisticirano digitalno krmilno tehnologijo z u\u010dinkovito arhitekturo pretvorbe energije, da dose\u017ee vrhunsko pridobivanje son\u010dne energije in najbolj\u0161o zanesljivost v razredu.<\/span><\/span><br \/>\n<\/span><\/p>\n<p><span class=\"HwtZe\" lang=\"sl\"><span class=\"jCAhz ChMk0b\"><span class=\"ryNqvb\">Tehnologija s fiksno napetostjo zagotavlja, da solarni pretvornik vedno deluje pri optimalni vhodni napetosti, ne glede na \u0161tevilo modulov v nizu ali okoljske pogoje.<\/span><\/span> <span class=\"jCAhz ChMk0b\"><span class=\"ryNqvb\">Lastni\u0161ki sprejemnik za spremljanje podatkov je bil integriran v pretvornik in zdru\u017euje podatke o zmogljivosti optimizatorja mo\u010di iz vsakega PV modula.<\/span><\/span> <span class=\"jCAhz ChMk0b\"><span class=\"ryNqvb\">Te podatke je mogo\u010de prenesti v splet in do njih dostopati prek nadzorne platforme SolarEdge za analizo delovanja, odkrivanje napak in odpravljanje te\u017eav fotovoltai\u010dnih sistemov.<\/span><\/span> <\/span><\/p>\n<p><span class=\"HwtZe\" lang=\"sl\"><span class=\"jCAhz ChMk0b\"><span class=\"ryNqvb\">Lastni\u0161ki sprejemnik za spremljanje podatkov je bil integriran v pretvornik in zdru\u017euje podatke o zmogljivosti optimizatorja mo\u010di iz vsakega PV modula.<\/span><\/span> <span class=\"jCAhz ChMk0b\"><span class=\"ryNqvb\">Te podatke je mogo\u010de prenesti v splet in do njih dostopati prek nadzorne platforme SolarEdge za analizo delovanja, odkrivanje napak in odpravljanje te\u017eav fotovoltai\u010dnih sistemov.<\/span><\/span><\/span><\/p>\n","protected":false},"excerpt":{"rendered":"<h3><strong>Na zalogi tudi :<br \/>\nSE 10KW<br \/>\nSE 12KW<br \/>\nSE 25KW<br \/>\nSE 33KW<br \/>\nSE 66,6K<br \/>\nSE 100K<br \/>\n<\/strong><\/h3>\n<h3><a href=\"http:\/\/oldpage.gatom.eu\/wp-content\/uploads\/2023\/02\/se-three-phase-inverter-12.5K-27.6K-setapp-datasheet-1.pdf\">KATALOG<\/a><\/h3>\n","protected":false},"featured_media":9359,"comment_status":"closed","ping_status":"closed","template":"","meta":[],"product_cat":[164],"product_tag":[],"yoast_head":"<!-- This site is optimized with the Yoast SEO plugin v20.2 - https:\/\/yoast.com\/wordpress\/plugins\/seo\/ -->\n<title>SolarEdge SE17K \u2013 solarni pretvornik 17KW - Gatom<\/title>\n<meta name=\"description\" content=\"Solarni inverter Solar edge 17K za u\u010dinkovito pretvorbo elektri\u010dne energije. Tehnologija s fiksno napetostjo zagotavlja, da solarni pretvornik vedno deluje pri optimalni vhodni napetosti, ne glede na \u0161tevilo modulov v nizu.\" \/>\n<meta name=\"robots\" content=\"noindex, follow, max-snippet:-1, max-image-preview:large, max-video-preview:-1\" \/>\n<meta property=\"og:locale\" content=\"hr_HR\" \/>\n<meta property=\"og:type\" content=\"article\" \/>\n<meta property=\"og:title\" content=\"SolarEdge SE17K \u2013 solarni pretvornik 17KW - Gatom\" \/>\n<meta property=\"og:description\" content=\"Solarni inverter Solar edge 17K za u\u010dinkovito pretvorbo elektri\u010dne energije. Tehnologija s fiksno napetostjo zagotavlja, da solarni pretvornik vedno deluje pri optimalni vhodni napetosti, ne glede na \u0161tevilo modulov v nizu.\" \/>\n<meta property=\"og:url\" content=\"http:\/\/oldpage.gatom.eu\/hr\/product\/solaredge-se17k-solarni-pretvornik-17kw\/\" \/>\n<meta property=\"og:site_name\" content=\"Gatom\" \/>\n<meta property=\"article:modified_time\" content=\"2023-09-20T12:34:03+00:00\" \/>\n<meta property=\"og:image\" content=\"http:\/\/oldpage.gatom.eu\/wp-content\/uploads\/2021\/07\/solarni-inverter-trifazni-se17k-solaredge.jpg\" \/>\n\t<meta property=\"og:image:width\" content=\"800\" \/>\n\t<meta property=\"og:image:height\" content=\"800\" \/>\n\t<meta property=\"og:image:type\" content=\"image\/jpeg\" \/>\n<meta name=\"twitter:card\" content=\"summary_large_image\" \/>\n<meta name=\"twitter:label1\" content=\"Procijenjeno vrijeme \u010ditanja\" \/>\n\t<meta name=\"twitter:data1\" content=\"1 minuta\" \/>\n<script type=\"application\/ld+json\" class=\"yoast-schema-graph\">{\"@context\":\"https:\/\/schema.org\",\"@graph\":[{\"@type\":\"WebPage\",\"@id\":\"http:\/\/oldpage.gatom.eu\/hr\/product\/solaredge-se17k-solarni-pretvornik-17kw\/\",\"url\":\"http:\/\/oldpage.gatom.eu\/hr\/product\/solaredge-se17k-solarni-pretvornik-17kw\/\",\"name\":\"SolarEdge SE17K \u2013 solarni pretvornik 17KW - Gatom\",\"isPartOf\":{\"@id\":\"http:\/\/oldpage.gatom.eu\/#website\"},\"datePublished\":\"2023-02-26T17:22:14+00:00\",\"dateModified\":\"2023-09-20T12:34:03+00:00\",\"description\":\"Solarni inverter Solar edge 17K za u\u010dinkovito pretvorbo elektri\u010dne energije. Tehnologija s fiksno napetostjo zagotavlja, da solarni pretvornik vedno deluje pri optimalni vhodni napetosti, ne glede na \u0161tevilo modulov v nizu.\",\"breadcrumb\":{\"@id\":\"http:\/\/oldpage.gatom.eu\/hr\/product\/solaredge-se17k-solarni-pretvornik-17kw\/#breadcrumb\"},\"inLanguage\":\"hr\",\"potentialAction\":[{\"@type\":\"ReadAction\",\"target\":[\"http:\/\/oldpage.gatom.eu\/hr\/product\/solaredge-se17k-solarni-pretvornik-17kw\/\"]}]},{\"@type\":\"BreadcrumbList\",\"@id\":\"http:\/\/oldpage.gatom.eu\/hr\/product\/solaredge-se17k-solarni-pretvornik-17kw\/#breadcrumb\",\"itemListElement\":[{\"@type\":\"ListItem\",\"position\":1,\"name\":\"Home\",\"item\":\"https:\/\/oldpage.gatom.eu\/hr\/\"},{\"@type\":\"ListItem\",\"position\":2,\"name\":\"Shop\",\"item\":\"http:\/\/oldpage.gatom.eu\/shop\/\"},{\"@type\":\"ListItem\",\"position\":3,\"name\":\"SolarEdge SE17K \u2013 solarni pretvornik 17KW\"}]},{\"@type\":\"WebSite\",\"@id\":\"http:\/\/oldpage.gatom.eu\/#website\",\"url\":\"http:\/\/oldpage.gatom.eu\/\",\"name\":\"Gatom\",\"description\":\"Strokovnjaki za ogrevanje in energetsko neodvisnost\",\"potentialAction\":[{\"@type\":\"SearchAction\",\"target\":{\"@type\":\"EntryPoint\",\"urlTemplate\":\"http:\/\/oldpage.gatom.eu\/?s={search_term_string}\"},\"query-input\":\"required name=search_term_string\"}],\"inLanguage\":\"hr\"}]}<\/script>\n<!-- \/ Yoast SEO plugin. -->","yoast_head_json":{"title":"SolarEdge SE17K \u2013 solarni pretvornik 17KW - Gatom","description":"Solarni inverter Solar edge 17K za u\u010dinkovito pretvorbo elektri\u010dne energije. Tehnologija s fiksno napetostjo zagotavlja, da solarni pretvornik vedno deluje pri optimalni vhodni napetosti, ne glede na \u0161tevilo modulov v nizu.","robots":{"index":"noindex","follow":"follow","max-snippet":"max-snippet:-1","max-image-preview":"max-image-preview:large","max-video-preview":"max-video-preview:-1"},"og_locale":"hr_HR","og_type":"article","og_title":"SolarEdge SE17K \u2013 solarni pretvornik 17KW - Gatom","og_description":"Solarni inverter Solar edge 17K za u\u010dinkovito pretvorbo elektri\u010dne energije. Tehnologija s fiksno napetostjo zagotavlja, da solarni pretvornik vedno deluje pri optimalni vhodni napetosti, ne glede na \u0161tevilo modulov v nizu.","og_url":"http:\/\/oldpage.gatom.eu\/hr\/product\/solaredge-se17k-solarni-pretvornik-17kw\/","og_site_name":"Gatom","article_modified_time":"2023-09-20T12:34:03+00:00","og_image":[{"width":800,"height":800,"url":"http:\/\/oldpage.gatom.eu\/wp-content\/uploads\/2021\/07\/solarni-inverter-trifazni-se17k-solaredge.jpg","type":"image\/jpeg"}],"twitter_card":"summary_large_image","twitter_misc":{"Procijenjeno vrijeme \u010ditanja":"1 minuta"},"schema":{"@context":"https:\/\/schema.org","@graph":[{"@type":"WebPage","@id":"http:\/\/oldpage.gatom.eu\/hr\/product\/solaredge-se17k-solarni-pretvornik-17kw\/","url":"http:\/\/oldpage.gatom.eu\/hr\/product\/solaredge-se17k-solarni-pretvornik-17kw\/","name":"SolarEdge SE17K \u2013 solarni pretvornik 17KW - Gatom","isPartOf":{"@id":"http:\/\/oldpage.gatom.eu\/#website"},"datePublished":"2023-02-26T17:22:14+00:00","dateModified":"2023-09-20T12:34:03+00:00","description":"Solarni inverter Solar edge 17K za u\u010dinkovito pretvorbo elektri\u010dne energije. Tehnologija s fiksno napetostjo zagotavlja, da solarni pretvornik vedno deluje pri optimalni vhodni napetosti, ne glede na \u0161tevilo modulov v nizu.","breadcrumb":{"@id":"http:\/\/oldpage.gatom.eu\/hr\/product\/solaredge-se17k-solarni-pretvornik-17kw\/#breadcrumb"},"inLanguage":"hr","potentialAction":[{"@type":"ReadAction","target":["http:\/\/oldpage.gatom.eu\/hr\/product\/solaredge-se17k-solarni-pretvornik-17kw\/"]}]},{"@type":"BreadcrumbList","@id":"http:\/\/oldpage.gatom.eu\/hr\/product\/solaredge-se17k-solarni-pretvornik-17kw\/#breadcrumb","itemListElement":[{"@type":"ListItem","position":1,"name":"Home","item":"https:\/\/oldpage.gatom.eu\/hr\/"},{"@type":"ListItem","position":2,"name":"Shop","item":"http:\/\/oldpage.gatom.eu\/shop\/"},{"@type":"ListItem","position":3,"name":"SolarEdge SE17K \u2013 solarni pretvornik 17KW"}]},{"@type":"WebSite","@id":"http:\/\/oldpage.gatom.eu\/#website","url":"http:\/\/oldpage.gatom.eu\/","name":"Gatom","description":"Strokovnjaki za ogrevanje in energetsko neodvisnost","potentialAction":[{"@type":"SearchAction","target":{"@type":"EntryPoint","urlTemplate":"http:\/\/oldpage.gatom.eu\/?s={search_term_string}"},"query-input":"required name=search_term_string"}],"inLanguage":"hr"}]}},"_links":{"self":[{"href":"http:\/\/oldpage.gatom.eu\/hr\/wp-json\/wp\/v2\/product\/9361"}],"collection":[{"href":"http:\/\/oldpage.gatom.eu\/hr\/wp-json\/wp\/v2\/product"}],"about":[{"href":"http:\/\/oldpage.gatom.eu\/hr\/wp-json\/wp\/v2\/types\/product"}],"replies":[{"embeddable":true,"href":"http:\/\/oldpage.gatom.eu\/hr\/wp-json\/wp\/v2\/comments?post=9361"}],"wp:featuredmedia":[{"embeddable":true,"href":"http:\/\/oldpage.gatom.eu\/hr\/wp-json\/wp\/v2\/media\/9359"}],"wp:attachment":[{"href":"http:\/\/oldpage.gatom.eu\/hr\/wp-json\/wp\/v2\/media?parent=9361"}],"wp:term":[{"taxonomy":"product_cat","embeddable":true,"href":"http:\/\/oldpage.gatom.eu\/hr\/wp-json\/wp\/v2\/product_cat?post=9361"},{"taxonomy":"product_tag","embeddable":true,"href":"http:\/\/oldpage.gatom.eu\/hr\/wp-json\/wp\/v2\/product_tag?post=9361"}],"curies":[{"name":"wp","href":"https:\/\/api.w.org\/{rel}","templated":true}]}}