{"id":9341,"date":"2023-01-13T16:56:10","date_gmt":"2023-01-13T16:56:10","guid":{"rendered":"http:\/\/oldpage.gatom.eu\/?post_type=product&#038;p=9341"},"modified":"2023-07-25T17:15:08","modified_gmt":"2023-07-25T17:15:08","slug":"solarni-panel-trinasolar-vertex-s-full-black","status":"publish","type":"product","link":"http:\/\/oldpage.gatom.eu\/hr\/product\/solarni-panel-trinasolar-vertex-s-full-black\/","title":{"rendered":"Solarni panel Trinasolar Vertex S Full black"},"content":{"rendered":"<p>Solarni panel Trinasolar Vertex S Full black vam ponuja veliko mo\u010di in majhno velikost panela. Panel lahko generira do kar 425W mo\u010di.<\/p>\n<p>Nadgrajene module serije Vertex S odlikujeta odli\u010dna zmogljivost ter inovativna in oblikovno dovr\u0161ena estetika.\u00a0Moduli Vertex S so odli\u010dno zasnovani za izpolnjevanje zahtev , kot so mo\u010d, u\u010dinkovitost, videz, mehanska obremenitev in zanesljivost. Ta modul zagotavlja najbolj\u0161e ravnovesje med mo\u010djo, velikostjo in te\u017eo.<\/p>\n<p>Vertex S temelji na napredni tehnologiji platforme Vertex, ki ima 210 mm debelo silicijevo rezino. Njegova zasnova omogo\u010da prilagodljivo postavitev sistema za katero koli streho, kar pomeni ve\u010djo u\u010dinkovitost in ni\u017eje skupne stro\u0161ke sistema.\u00a0Novi Vertex S lahko pove\u010da zmogljivost namestitve na strehah stanovanjskih hi\u0161 za 5-7 %. Ve\u010dja proizvedena mo\u010d izpolnjuje vi\u0161je zahteve za vsakodnevno uporabo v gospodinjstvu in potrebi po energiji iz elektri\u010dnih vozil.\u00a0Vertex S ima podalj\u0161ano 15-letno garancijo za izdelek in polno 25-letno garancijo za delovanje &#8211; za miren spanec in dolgotrajno oskrbo z elektri\u010dno energijo.<\/p>\n<p><strong>Lastnosti<\/strong><\/p>\n<ul>\n<li>Popolnoma \u010drn panel za eleganten izgled<\/li>\n<li>Dimenzije le 176cm (V) x 113cm (\u0160) x 3cm (G)<\/li>\n<li>Te\u017ea enega panela je 21,8kg<\/li>\n<li>15 letna garancija<\/li>\n<\/ul>\n<p>&nbsp;<\/p>\n<p><a href=\"http:\/\/oldpage.gatom.eu\/wp-content\/uploads\/2021\/07\/Datasheet_Vertex_S_DE09R.05_EN_2022_PA1-1.pdf\">Tehni\u010dni list izdelka<\/a><\/p>\n","protected":false},"excerpt":{"rendered":"<p>Solarni panel Trinasolar Vertex S Full black vam ponuja veliko mo\u010di in majhno velikost panela. Panel lahko generira do kar 425W mo\u010di. Nadgrajene module serije Vertex S odlikujeta odli\u010dna zmogljivost ter inovativna in oblikovno dovr\u0161ena estetika.\u00a0Moduli Vertex S so odli\u010dno [&hellip;]<\/p>\n","protected":false},"featured_media":9342,"comment_status":"closed","ping_status":"closed","template":"","meta":[],"product_cat":[164],"product_tag":[],"yoast_head":"<!-- This site is optimized with the Yoast SEO plugin v20.2 - https:\/\/yoast.com\/wordpress\/plugins\/seo\/ -->\n<title>Solarni panel Trinasolar Vertex S Full black - Gatom<\/title>\n<meta name=\"robots\" content=\"noindex, follow, max-snippet:-1, max-image-preview:large, max-video-preview:-1\" \/>\n<meta property=\"og:locale\" content=\"hr_HR\" \/>\n<meta property=\"og:type\" content=\"article\" \/>\n<meta property=\"og:title\" content=\"Solarni panel Trinasolar Vertex S Full black - Gatom\" \/>\n<meta property=\"og:description\" content=\"Solarni panel Trinasolar Vertex S Full black vam ponuja veliko mo\u010di in majhno velikost panela. Panel lahko generira do kar 425W mo\u010di. Nadgrajene module serije Vertex S odlikujeta odli\u010dna zmogljivost ter inovativna in oblikovno dovr\u0161ena estetika.\u00a0Moduli Vertex S so odli\u010dno [&hellip;]\" \/>\n<meta property=\"og:url\" content=\"http:\/\/oldpage.gatom.eu\/hr\/product\/solarni-panel-trinasolar-vertex-s-full-black\/\" \/>\n<meta property=\"og:site_name\" content=\"Gatom\" \/>\n<meta property=\"article:modified_time\" content=\"2023-07-25T17:15:08+00:00\" \/>\n<meta property=\"og:image\" content=\"http:\/\/oldpage.gatom.eu\/wp-content\/uploads\/2021\/07\/Full-black.png\" \/>\n\t<meta property=\"og:image:width\" content=\"266\" \/>\n\t<meta property=\"og:image:height\" content=\"420\" \/>\n\t<meta property=\"og:image:type\" content=\"image\/png\" \/>\n<meta name=\"twitter:card\" content=\"summary_large_image\" \/>\n<meta name=\"twitter:label1\" content=\"Procijenjeno vrijeme \u010ditanja\" \/>\n\t<meta name=\"twitter:data1\" content=\"2 minute\" \/>\n<script type=\"application\/ld+json\" class=\"yoast-schema-graph\">{\"@context\":\"https:\/\/schema.org\",\"@graph\":[{\"@type\":\"WebPage\",\"@id\":\"http:\/\/oldpage.gatom.eu\/hr\/product\/solarni-panel-trinasolar-vertex-s-full-black\/\",\"url\":\"http:\/\/oldpage.gatom.eu\/hr\/product\/solarni-panel-trinasolar-vertex-s-full-black\/\",\"name\":\"Solarni panel Trinasolar Vertex S Full black - Gatom\",\"isPartOf\":{\"@id\":\"http:\/\/oldpage.gatom.eu\/#website\"},\"datePublished\":\"2023-01-13T16:56:10+00:00\",\"dateModified\":\"2023-07-25T17:15:08+00:00\",\"breadcrumb\":{\"@id\":\"http:\/\/oldpage.gatom.eu\/hr\/product\/solarni-panel-trinasolar-vertex-s-full-black\/#breadcrumb\"},\"inLanguage\":\"hr\",\"potentialAction\":[{\"@type\":\"ReadAction\",\"target\":[\"http:\/\/oldpage.gatom.eu\/hr\/product\/solarni-panel-trinasolar-vertex-s-full-black\/\"]}]},{\"@type\":\"BreadcrumbList\",\"@id\":\"http:\/\/oldpage.gatom.eu\/hr\/product\/solarni-panel-trinasolar-vertex-s-full-black\/#breadcrumb\",\"itemListElement\":[{\"@type\":\"ListItem\",\"position\":1,\"name\":\"Home\",\"item\":\"https:\/\/oldpage.gatom.eu\/hr\/\"},{\"@type\":\"ListItem\",\"position\":2,\"name\":\"Shop\",\"item\":\"http:\/\/oldpage.gatom.eu\/shop\/\"},{\"@type\":\"ListItem\",\"position\":3,\"name\":\"Solarni panel Trinasolar Vertex S Full black\"}]},{\"@type\":\"WebSite\",\"@id\":\"http:\/\/oldpage.gatom.eu\/#website\",\"url\":\"http:\/\/oldpage.gatom.eu\/\",\"name\":\"Gatom\",\"description\":\"Strokovnjaki za ogrevanje in energetsko neodvisnost\",\"potentialAction\":[{\"@type\":\"SearchAction\",\"target\":{\"@type\":\"EntryPoint\",\"urlTemplate\":\"http:\/\/oldpage.gatom.eu\/?s={search_term_string}\"},\"query-input\":\"required name=search_term_string\"}],\"inLanguage\":\"hr\"}]}<\/script>\n<!-- \/ Yoast SEO plugin. -->","yoast_head_json":{"title":"Solarni panel Trinasolar Vertex S Full black - Gatom","robots":{"index":"noindex","follow":"follow","max-snippet":"max-snippet:-1","max-image-preview":"max-image-preview:large","max-video-preview":"max-video-preview:-1"},"og_locale":"hr_HR","og_type":"article","og_title":"Solarni panel Trinasolar Vertex S Full black - Gatom","og_description":"Solarni panel Trinasolar Vertex S Full black vam ponuja veliko mo\u010di in majhno velikost panela. Panel lahko generira do kar 425W mo\u010di. Nadgrajene module serije Vertex S odlikujeta odli\u010dna zmogljivost ter inovativna in oblikovno dovr\u0161ena estetika.\u00a0Moduli Vertex S so odli\u010dno [&hellip;]","og_url":"http:\/\/oldpage.gatom.eu\/hr\/product\/solarni-panel-trinasolar-vertex-s-full-black\/","og_site_name":"Gatom","article_modified_time":"2023-07-25T17:15:08+00:00","og_image":[{"width":266,"height":420,"url":"http:\/\/oldpage.gatom.eu\/wp-content\/uploads\/2021\/07\/Full-black.png","type":"image\/png"}],"twitter_card":"summary_large_image","twitter_misc":{"Procijenjeno vrijeme \u010ditanja":"2 minute"},"schema":{"@context":"https:\/\/schema.org","@graph":[{"@type":"WebPage","@id":"http:\/\/oldpage.gatom.eu\/hr\/product\/solarni-panel-trinasolar-vertex-s-full-black\/","url":"http:\/\/oldpage.gatom.eu\/hr\/product\/solarni-panel-trinasolar-vertex-s-full-black\/","name":"Solarni panel Trinasolar Vertex S Full black - Gatom","isPartOf":{"@id":"http:\/\/oldpage.gatom.eu\/#website"},"datePublished":"2023-01-13T16:56:10+00:00","dateModified":"2023-07-25T17:15:08+00:00","breadcrumb":{"@id":"http:\/\/oldpage.gatom.eu\/hr\/product\/solarni-panel-trinasolar-vertex-s-full-black\/#breadcrumb"},"inLanguage":"hr","potentialAction":[{"@type":"ReadAction","target":["http:\/\/oldpage.gatom.eu\/hr\/product\/solarni-panel-trinasolar-vertex-s-full-black\/"]}]},{"@type":"BreadcrumbList","@id":"http:\/\/oldpage.gatom.eu\/hr\/product\/solarni-panel-trinasolar-vertex-s-full-black\/#breadcrumb","itemListElement":[{"@type":"ListItem","position":1,"name":"Home","item":"https:\/\/oldpage.gatom.eu\/hr\/"},{"@type":"ListItem","position":2,"name":"Shop","item":"http:\/\/oldpage.gatom.eu\/shop\/"},{"@type":"ListItem","position":3,"name":"Solarni panel Trinasolar Vertex S Full black"}]},{"@type":"WebSite","@id":"http:\/\/oldpage.gatom.eu\/#website","url":"http:\/\/oldpage.gatom.eu\/","name":"Gatom","description":"Strokovnjaki za ogrevanje in energetsko neodvisnost","potentialAction":[{"@type":"SearchAction","target":{"@type":"EntryPoint","urlTemplate":"http:\/\/oldpage.gatom.eu\/?s={search_term_string}"},"query-input":"required name=search_term_string"}],"inLanguage":"hr"}]}},"_links":{"self":[{"href":"http:\/\/oldpage.gatom.eu\/hr\/wp-json\/wp\/v2\/product\/9341"}],"collection":[{"href":"http:\/\/oldpage.gatom.eu\/hr\/wp-json\/wp\/v2\/product"}],"about":[{"href":"http:\/\/oldpage.gatom.eu\/hr\/wp-json\/wp\/v2\/types\/product"}],"replies":[{"embeddable":true,"href":"http:\/\/oldpage.gatom.eu\/hr\/wp-json\/wp\/v2\/comments?post=9341"}],"wp:featuredmedia":[{"embeddable":true,"href":"http:\/\/oldpage.gatom.eu\/hr\/wp-json\/wp\/v2\/media\/9342"}],"wp:attachment":[{"href":"http:\/\/oldpage.gatom.eu\/hr\/wp-json\/wp\/v2\/media?parent=9341"}],"wp:term":[{"taxonomy":"product_cat","embeddable":true,"href":"http:\/\/oldpage.gatom.eu\/hr\/wp-json\/wp\/v2\/product_cat?post=9341"},{"taxonomy":"product_tag","embeddable":true,"href":"http:\/\/oldpage.gatom.eu\/hr\/wp-json\/wp\/v2\/product_tag?post=9341"}],"curies":[{"name":"wp","href":"https:\/\/api.w.org\/{rel}","templated":true}]}}