{"id":9340,"date":"2023-01-13T16:55:55","date_gmt":"2023-01-13T16:55:55","guid":{"rendered":"http:\/\/oldpage.gatom.eu\/?post_type=product&#038;p=9340"},"modified":"2023-09-20T12:30:13","modified_gmt":"2023-09-20T12:30:13","slug":"solarni-panel-trinasolar-vertex-sn-type","status":"publish","type":"product","link":"http:\/\/oldpage.gatom.eu\/hr\/product\/solarni-panel-trinasolar-vertex-sn-type\/","title":{"rendered":"Solarni panel Trina 435 W Vertex S+ N-Type Black Frame solar panel"},"content":{"rendered":"<p><span class=\"HwtZe\" lang=\"sl\"><span class=\"jCAhz ChMk0b\"><span class=\"ryNqvb\">Solarni panel Trina 435 W iz serije Vertex S+ je najnovej\u0161i in najnaprednej\u0161i panel z 25 letno garancijo in dvojnim steklom v tehnologiji i-TOPcon N-type.<\/span><\/span> <span class=\"jCAhz ChMk0b\"><span class=\"ryNqvb\">Vertex S + ima ve\u010d inovativnih oblikovnih funkcij, ki mu omogo\u010dajo doseganje visoke izhodne mo\u010di.<\/span><\/span> <span class=\"jCAhz ChMk0b\"><span class=\"ryNqvb\">Popoln temperaturni koeficient in nizka u\u010dinkovitost sevanja zagotavljata \u0161e ve\u010d mo\u010di.<\/span><\/span> <span class=\"jCAhz ChMk0b\"><span class=\"ryNqvb\">Poleg tega lahko zahvaljujo\u010d povezavam visoke gostote u\u010dinkovitost Vertex S + dose\u017ee do 22,3 % ve\u010djo u\u010dinkovitost.<br \/>\n<\/span><\/span><\/span><\/p>\n<p><span class=\"HwtZe\" lang=\"sl\"><span class=\"jCAhz ChMk0b\"><span class=\"ryNqvb\">Celice tipa N so izdelane s fosforjem, kar jim omogo\u010da najmanj\u0161o stopnjo degradacije mo\u010di, kar se odra\u017ea v ve\u010dji u\u010dinkovitosti za ve\u010dletno uporabo, kar ima za posledico ve\u010d prihrankov.<\/span><\/span> <span class=\"jCAhz ChMk0b\"><span class=\"ryNqvb\">Zahvaljujo\u010d tej tehnologiji proizvajalec zagotavlja 30-letno garancijo na energijo, ki jo proizvajajo moduli Trina Vertex S +.<\/span><\/span><\/span><\/p>\n<p>Prednosti panelov Trina Vertex S+<\/p>\n<ul>\n<li><span class=\"HwtZe\" lang=\"sl\"> <span class=\"jCAhz ChMk0b\"><span class=\"ryNqvb\">30-letna garancija na mo\u010d<\/span><\/span><\/span><\/li>\n<li><span class=\"HwtZe\" lang=\"sl\"><span class=\"jCAhz ChMk0b\"><span class=\"ryNqvb\">25-letna garancija na materiale in izdelavo<\/span><\/span><\/span><\/li>\n<li>dvojno steklo na sprednji in zadnji strani<\/li>\n<li><span class=\"HwtZe\" lang=\"sl\"><span class=\"jCAhz ChMk0b\"><span class=\"ryNqvb\">Tehnologija ve\u010d zbiralk izbolj\u0161a absorpcijo svetlobe in disipacijo toka, ni\u017ejo serijsko upornost<\/span><\/span><\/span><\/li>\n<li><span class=\"HwtZe\" lang=\"sl\"><span class=\"jCAhz ChMk0b\"><span class=\"ryNqvb\">Odli\u010dna zmogljivost tudi pri nizkem son\u010dnem sevanju<\/span><\/span><\/span><\/li>\n<li><span class=\"HwtZe\" lang=\"sl\"> <span class=\"jCAhz ChMk0b\"><span class=\"ryNqvb\">Sne\u017ena obremenitev do 5400 Pa in vetrna obremenitev do 4000 Pa<\/span><\/span><\/span><\/li>\n<li>Te\u017ea: 21,1 kg<\/li>\n<li>Dim.: 1762 x 1134 x 30mm<\/li>\n<\/ul>\n","protected":false},"excerpt":{"rendered":"<p>Cena velja ob nakupu cele palete ( 36 kos ) in vklju\u010duje DDV.<\/p>\n<p>V primeru nakupa manj\u0161ih koli\u010din je cena 122\u20ac.<\/p>\n<p>Ponujamo prevoz po celi Sloveniji.<\/p>\n<p>&nbsp;<\/p>\n","protected":false},"featured_media":9823,"comment_status":"closed","ping_status":"closed","template":"","meta":[],"product_cat":[164],"product_tag":[],"yoast_head":"<!-- This site is optimized with the Yoast SEO plugin v20.2 - https:\/\/yoast.com\/wordpress\/plugins\/seo\/ -->\n<title>Solarni panel Trina 435 W Vertex S+ N-Type Black Frame solar panel - Gatom<\/title>\n<meta name=\"description\" content=\"Solarni panel Trina 435 W iz serije Vertex S+ je najnovej\u0161i in najnaprednej\u0161i panel z 25 letno garancijo in dvojnim steklom v tehnologiji i-TOPcon N-type\" \/>\n<meta name=\"robots\" content=\"noindex, follow, max-snippet:-1, max-image-preview:large, max-video-preview:-1\" \/>\n<meta property=\"og:locale\" content=\"hr_HR\" \/>\n<meta property=\"og:type\" content=\"article\" \/>\n<meta property=\"og:title\" content=\"Solarni panel Trina 435 W Vertex S+ N-Type Black Frame solar panel - Gatom\" \/>\n<meta property=\"og:description\" content=\"Solarni panel Trina 435 W iz serije Vertex S+ je najnovej\u0161i in najnaprednej\u0161i panel z 25 letno garancijo in dvojnim steklom v tehnologiji i-TOPcon N-type\" \/>\n<meta property=\"og:url\" content=\"http:\/\/oldpage.gatom.eu\/hr\/product\/solarni-panel-trinasolar-vertex-sn-type\/\" \/>\n<meta property=\"og:site_name\" content=\"Gatom\" \/>\n<meta property=\"article:modified_time\" content=\"2023-09-20T12:30:13+00:00\" \/>\n<meta property=\"og:image\" content=\"http:\/\/oldpage.gatom.eu\/wp-content\/uploads\/2023\/01\/0.06628700_1695148940.jpg\" \/>\n\t<meta property=\"og:image:width\" content=\"700\" \/>\n\t<meta property=\"og:image:height\" content=\"700\" \/>\n\t<meta property=\"og:image:type\" content=\"image\/jpeg\" \/>\n<meta name=\"twitter:card\" content=\"summary_large_image\" \/>\n<meta name=\"twitter:label1\" content=\"Procijenjeno vrijeme \u010ditanja\" \/>\n\t<meta name=\"twitter:data1\" content=\"1 minuta\" \/>\n<script type=\"application\/ld+json\" class=\"yoast-schema-graph\">{\"@context\":\"https:\/\/schema.org\",\"@graph\":[{\"@type\":\"WebPage\",\"@id\":\"http:\/\/oldpage.gatom.eu\/hr\/product\/solarni-panel-trinasolar-vertex-sn-type\/\",\"url\":\"http:\/\/oldpage.gatom.eu\/hr\/product\/solarni-panel-trinasolar-vertex-sn-type\/\",\"name\":\"Solarni panel Trina 435 W Vertex S+ N-Type Black Frame solar panel - Gatom\",\"isPartOf\":{\"@id\":\"http:\/\/oldpage.gatom.eu\/#website\"},\"datePublished\":\"2023-01-13T16:55:55+00:00\",\"dateModified\":\"2023-09-20T12:30:13+00:00\",\"description\":\"Solarni panel Trina 435 W iz serije Vertex S+ je najnovej\u0161i in najnaprednej\u0161i panel z 25 letno garancijo in dvojnim steklom v tehnologiji i-TOPcon N-type\",\"breadcrumb\":{\"@id\":\"http:\/\/oldpage.gatom.eu\/hr\/product\/solarni-panel-trinasolar-vertex-sn-type\/#breadcrumb\"},\"inLanguage\":\"hr\",\"potentialAction\":[{\"@type\":\"ReadAction\",\"target\":[\"http:\/\/oldpage.gatom.eu\/hr\/product\/solarni-panel-trinasolar-vertex-sn-type\/\"]}]},{\"@type\":\"BreadcrumbList\",\"@id\":\"http:\/\/oldpage.gatom.eu\/hr\/product\/solarni-panel-trinasolar-vertex-sn-type\/#breadcrumb\",\"itemListElement\":[{\"@type\":\"ListItem\",\"position\":1,\"name\":\"Home\",\"item\":\"https:\/\/oldpage.gatom.eu\/hr\/\"},{\"@type\":\"ListItem\",\"position\":2,\"name\":\"Shop\",\"item\":\"http:\/\/oldpage.gatom.eu\/shop\/\"},{\"@type\":\"ListItem\",\"position\":3,\"name\":\"Solarni panel Trina 435 W Vertex S+ N-Type Black Frame solar panel\"}]},{\"@type\":\"WebSite\",\"@id\":\"http:\/\/oldpage.gatom.eu\/#website\",\"url\":\"http:\/\/oldpage.gatom.eu\/\",\"name\":\"Gatom\",\"description\":\"Strokovnjaki za ogrevanje in energetsko neodvisnost\",\"potentialAction\":[{\"@type\":\"SearchAction\",\"target\":{\"@type\":\"EntryPoint\",\"urlTemplate\":\"http:\/\/oldpage.gatom.eu\/?s={search_term_string}\"},\"query-input\":\"required name=search_term_string\"}],\"inLanguage\":\"hr\"}]}<\/script>\n<!-- \/ Yoast SEO plugin. -->","yoast_head_json":{"title":"Solarni panel Trina 435 W Vertex S+ N-Type Black Frame solar panel - Gatom","description":"Solarni panel Trina 435 W iz serije Vertex S+ je najnovej\u0161i in najnaprednej\u0161i panel z 25 letno garancijo in dvojnim steklom v tehnologiji i-TOPcon N-type","robots":{"index":"noindex","follow":"follow","max-snippet":"max-snippet:-1","max-image-preview":"max-image-preview:large","max-video-preview":"max-video-preview:-1"},"og_locale":"hr_HR","og_type":"article","og_title":"Solarni panel Trina 435 W Vertex S+ N-Type Black Frame solar panel - Gatom","og_description":"Solarni panel Trina 435 W iz serije Vertex S+ je najnovej\u0161i in najnaprednej\u0161i panel z 25 letno garancijo in dvojnim steklom v tehnologiji i-TOPcon N-type","og_url":"http:\/\/oldpage.gatom.eu\/hr\/product\/solarni-panel-trinasolar-vertex-sn-type\/","og_site_name":"Gatom","article_modified_time":"2023-09-20T12:30:13+00:00","og_image":[{"width":700,"height":700,"url":"http:\/\/oldpage.gatom.eu\/wp-content\/uploads\/2023\/01\/0.06628700_1695148940.jpg","type":"image\/jpeg"}],"twitter_card":"summary_large_image","twitter_misc":{"Procijenjeno vrijeme \u010ditanja":"1 minuta"},"schema":{"@context":"https:\/\/schema.org","@graph":[{"@type":"WebPage","@id":"http:\/\/oldpage.gatom.eu\/hr\/product\/solarni-panel-trinasolar-vertex-sn-type\/","url":"http:\/\/oldpage.gatom.eu\/hr\/product\/solarni-panel-trinasolar-vertex-sn-type\/","name":"Solarni panel Trina 435 W Vertex S+ N-Type Black Frame solar panel - Gatom","isPartOf":{"@id":"http:\/\/oldpage.gatom.eu\/#website"},"datePublished":"2023-01-13T16:55:55+00:00","dateModified":"2023-09-20T12:30:13+00:00","description":"Solarni panel Trina 435 W iz serije Vertex S+ je najnovej\u0161i in najnaprednej\u0161i panel z 25 letno garancijo in dvojnim steklom v tehnologiji i-TOPcon N-type","breadcrumb":{"@id":"http:\/\/oldpage.gatom.eu\/hr\/product\/solarni-panel-trinasolar-vertex-sn-type\/#breadcrumb"},"inLanguage":"hr","potentialAction":[{"@type":"ReadAction","target":["http:\/\/oldpage.gatom.eu\/hr\/product\/solarni-panel-trinasolar-vertex-sn-type\/"]}]},{"@type":"BreadcrumbList","@id":"http:\/\/oldpage.gatom.eu\/hr\/product\/solarni-panel-trinasolar-vertex-sn-type\/#breadcrumb","itemListElement":[{"@type":"ListItem","position":1,"name":"Home","item":"https:\/\/oldpage.gatom.eu\/hr\/"},{"@type":"ListItem","position":2,"name":"Shop","item":"http:\/\/oldpage.gatom.eu\/shop\/"},{"@type":"ListItem","position":3,"name":"Solarni panel Trina 435 W Vertex S+ N-Type Black Frame solar panel"}]},{"@type":"WebSite","@id":"http:\/\/oldpage.gatom.eu\/#website","url":"http:\/\/oldpage.gatom.eu\/","name":"Gatom","description":"Strokovnjaki za ogrevanje in energetsko neodvisnost","potentialAction":[{"@type":"SearchAction","target":{"@type":"EntryPoint","urlTemplate":"http:\/\/oldpage.gatom.eu\/?s={search_term_string}"},"query-input":"required name=search_term_string"}],"inLanguage":"hr"}]}},"_links":{"self":[{"href":"http:\/\/oldpage.gatom.eu\/hr\/wp-json\/wp\/v2\/product\/9340"}],"collection":[{"href":"http:\/\/oldpage.gatom.eu\/hr\/wp-json\/wp\/v2\/product"}],"about":[{"href":"http:\/\/oldpage.gatom.eu\/hr\/wp-json\/wp\/v2\/types\/product"}],"replies":[{"embeddable":true,"href":"http:\/\/oldpage.gatom.eu\/hr\/wp-json\/wp\/v2\/comments?post=9340"}],"wp:featuredmedia":[{"embeddable":true,"href":"http:\/\/oldpage.gatom.eu\/hr\/wp-json\/wp\/v2\/media\/9823"}],"wp:attachment":[{"href":"http:\/\/oldpage.gatom.eu\/hr\/wp-json\/wp\/v2\/media?parent=9340"}],"wp:term":[{"taxonomy":"product_cat","embeddable":true,"href":"http:\/\/oldpage.gatom.eu\/hr\/wp-json\/wp\/v2\/product_cat?post=9340"},{"taxonomy":"product_tag","embeddable":true,"href":"http:\/\/oldpage.gatom.eu\/hr\/wp-json\/wp\/v2\/product_tag?post=9340"}],"curies":[{"name":"wp","href":"https:\/\/api.w.org\/{rel}","templated":true}]}}