{"id":8776,"date":"2022-03-27T07:03:41","date_gmt":"2022-03-27T07:03:41","guid":{"rendered":"http:\/\/oldpage.gatom.eu\/?post_type=product&#038;p=8776"},"modified":"2023-03-06T18:01:47","modified_gmt":"2023-03-06T18:01:47","slug":"programski-termostat-m6-z-talnim-tipalom","status":"publish","type":"product","link":"http:\/\/oldpage.gatom.eu\/hr\/product\/programski-termostat-m6-z-talnim-tipalom\/","title":{"rendered":"Termostat programski M6 + tipalo"},"content":{"rendered":"<h3>TERMOSTAT PROGRAMSKI M6<\/h3>\n<h3><img loading=\"lazy\" class=\"wp-image-1138 aligncenter\" src=\"https:\/\/www.zdravoogrevanje.si\/wp-content\/uploads\/2016\/04\/SOBNI-TERMOSTAT-ZA-TALNO-GRETJE-TKB-E5-\u2013-Google-Chrome-26.-02.-2017-205755.jpg\" alt=\"\" width=\"558\" height=\"353\" \/><\/h3>\n<p>&nbsp;<\/p>\n<p><strong>Programski termostat M6<\/strong> ima prilo\u017eeno taln<strong>o son<\/strong>do za nadzor in regulacijo talnega ogrevanja. Povezan je z termostatom in talno povr\u0161ino, ki jo ogrevamo, tako dobimo \u017eeljeno temoeraturo tal in var\u010dujemo pri ogrevanju.<\/p>\n<p>Prav tako ima termostat vgrajen senzor za merjenje temperature v prostoru, tako, da je primere tako za regulacijo<a href=\"http:\/\/oldpage.gatom.eu\/ir-paneli\/\"> IR panelov<\/a> kot za <a href=\"http:\/\/oldpage.gatom.eu\/talno-ogrevanje\/\">talno ogrevanje.<\/a><\/p>\n","protected":false},"excerpt":{"rendered":"<p>Termostat M6 z dvojnim merjenjem tal in prostora je izjemno kvaliteten, uporaben in cenovno ugoden termostat namemjen elektri\u010dnemu ogrevanju. Termostat M6 in mo\u017enosti nastavitev urnikov delovanja za vsak dan posebej in je primeren tako za IR panele kot za talno ogrevanje.<\/p>\n","protected":false},"featured_media":8777,"comment_status":"closed","ping_status":"closed","template":"","meta":[],"product_cat":[108],"product_tag":[],"yoast_head":"<!-- This site is optimized with the Yoast SEO plugin v20.2 - https:\/\/yoast.com\/wordpress\/plugins\/seo\/ -->\n<title>Termostat programski M6 + tipalo<\/title>\n<meta name=\"description\" content=\"Programski termostat M6 ima pomnilni\u0161ko funkcijo, tako, da ob izpadu elektri\u010dne energije vse nastavitve ostanejo shranjene.\" \/>\n<meta name=\"robots\" content=\"noindex, follow, max-snippet:-1, max-image-preview:large, max-video-preview:-1\" \/>\n<meta property=\"og:locale\" content=\"hr_HR\" \/>\n<meta property=\"og:type\" content=\"article\" \/>\n<meta property=\"og:title\" content=\"Termostat programski M6 + tipalo\" \/>\n<meta property=\"og:description\" content=\"Programski termostat M6 ima pomnilni\u0161ko funkcijo, tako, da ob izpadu elektri\u010dne energije vse nastavitve ostanejo shranjene.\" \/>\n<meta property=\"og:url\" content=\"http:\/\/oldpage.gatom.eu\/hr\/product\/programski-termostat-m6-z-talnim-tipalom\/\" \/>\n<meta property=\"og:site_name\" content=\"Gatom\" \/>\n<meta property=\"article:modified_time\" content=\"2023-03-06T18:01:47+00:00\" \/>\n<meta property=\"og:image\" content=\"http:\/\/oldpage.gatom.eu\/wp-content\/uploads\/2022\/03\/termostat-gatom-486x500-1.png\" \/>\n\t<meta property=\"og:image:width\" content=\"486\" \/>\n\t<meta property=\"og:image:height\" content=\"500\" \/>\n\t<meta property=\"og:image:type\" content=\"image\/png\" \/>\n<meta name=\"twitter:card\" content=\"summary_large_image\" \/>\n<meta name=\"twitter:label1\" content=\"Procijenjeno vrijeme \u010ditanja\" \/>\n\t<meta name=\"twitter:data1\" content=\"1 minuta\" \/>\n<script type=\"application\/ld+json\" class=\"yoast-schema-graph\">{\"@context\":\"https:\/\/schema.org\",\"@graph\":[{\"@type\":\"WebPage\",\"@id\":\"http:\/\/oldpage.gatom.eu\/hr\/product\/programski-termostat-m6-z-talnim-tipalom\/\",\"url\":\"http:\/\/oldpage.gatom.eu\/hr\/product\/programski-termostat-m6-z-talnim-tipalom\/\",\"name\":\"Termostat programski M6 + tipalo\",\"isPartOf\":{\"@id\":\"http:\/\/oldpage.gatom.eu\/#website\"},\"datePublished\":\"2022-03-27T07:03:41+00:00\",\"dateModified\":\"2023-03-06T18:01:47+00:00\",\"description\":\"Programski termostat M6 ima pomnilni\u0161ko funkcijo, tako, da ob izpadu elektri\u010dne energije vse nastavitve ostanejo shranjene.\",\"breadcrumb\":{\"@id\":\"http:\/\/oldpage.gatom.eu\/hr\/product\/programski-termostat-m6-z-talnim-tipalom\/#breadcrumb\"},\"inLanguage\":\"hr\",\"potentialAction\":[{\"@type\":\"ReadAction\",\"target\":[\"http:\/\/oldpage.gatom.eu\/hr\/product\/programski-termostat-m6-z-talnim-tipalom\/\"]}]},{\"@type\":\"BreadcrumbList\",\"@id\":\"http:\/\/oldpage.gatom.eu\/hr\/product\/programski-termostat-m6-z-talnim-tipalom\/#breadcrumb\",\"itemListElement\":[{\"@type\":\"ListItem\",\"position\":1,\"name\":\"Home\",\"item\":\"https:\/\/oldpage.gatom.eu\/hr\/\"},{\"@type\":\"ListItem\",\"position\":2,\"name\":\"Shop\",\"item\":\"http:\/\/oldpage.gatom.eu\/shop\/\"},{\"@type\":\"ListItem\",\"position\":3,\"name\":\"Termostat programski M6 + tipalo\"}]},{\"@type\":\"WebSite\",\"@id\":\"http:\/\/oldpage.gatom.eu\/#website\",\"url\":\"http:\/\/oldpage.gatom.eu\/\",\"name\":\"Gatom\",\"description\":\"Strokovnjaki za ogrevanje in energetsko neodvisnost\",\"potentialAction\":[{\"@type\":\"SearchAction\",\"target\":{\"@type\":\"EntryPoint\",\"urlTemplate\":\"http:\/\/oldpage.gatom.eu\/?s={search_term_string}\"},\"query-input\":\"required name=search_term_string\"}],\"inLanguage\":\"hr\"}]}<\/script>\n<!-- \/ Yoast SEO plugin. -->","yoast_head_json":{"title":"Termostat programski M6 + tipalo","description":"Programski termostat M6 ima pomnilni\u0161ko funkcijo, tako, da ob izpadu elektri\u010dne energije vse nastavitve ostanejo shranjene.","robots":{"index":"noindex","follow":"follow","max-snippet":"max-snippet:-1","max-image-preview":"max-image-preview:large","max-video-preview":"max-video-preview:-1"},"og_locale":"hr_HR","og_type":"article","og_title":"Termostat programski M6 + tipalo","og_description":"Programski termostat M6 ima pomnilni\u0161ko funkcijo, tako, da ob izpadu elektri\u010dne energije vse nastavitve ostanejo shranjene.","og_url":"http:\/\/oldpage.gatom.eu\/hr\/product\/programski-termostat-m6-z-talnim-tipalom\/","og_site_name":"Gatom","article_modified_time":"2023-03-06T18:01:47+00:00","og_image":[{"width":486,"height":500,"url":"http:\/\/oldpage.gatom.eu\/wp-content\/uploads\/2022\/03\/termostat-gatom-486x500-1.png","type":"image\/png"}],"twitter_card":"summary_large_image","twitter_misc":{"Procijenjeno vrijeme \u010ditanja":"1 minuta"},"schema":{"@context":"https:\/\/schema.org","@graph":[{"@type":"WebPage","@id":"http:\/\/oldpage.gatom.eu\/hr\/product\/programski-termostat-m6-z-talnim-tipalom\/","url":"http:\/\/oldpage.gatom.eu\/hr\/product\/programski-termostat-m6-z-talnim-tipalom\/","name":"Termostat programski M6 + tipalo","isPartOf":{"@id":"http:\/\/oldpage.gatom.eu\/#website"},"datePublished":"2022-03-27T07:03:41+00:00","dateModified":"2023-03-06T18:01:47+00:00","description":"Programski termostat M6 ima pomnilni\u0161ko funkcijo, tako, da ob izpadu elektri\u010dne energije vse nastavitve ostanejo shranjene.","breadcrumb":{"@id":"http:\/\/oldpage.gatom.eu\/hr\/product\/programski-termostat-m6-z-talnim-tipalom\/#breadcrumb"},"inLanguage":"hr","potentialAction":[{"@type":"ReadAction","target":["http:\/\/oldpage.gatom.eu\/hr\/product\/programski-termostat-m6-z-talnim-tipalom\/"]}]},{"@type":"BreadcrumbList","@id":"http:\/\/oldpage.gatom.eu\/hr\/product\/programski-termostat-m6-z-talnim-tipalom\/#breadcrumb","itemListElement":[{"@type":"ListItem","position":1,"name":"Home","item":"https:\/\/oldpage.gatom.eu\/hr\/"},{"@type":"ListItem","position":2,"name":"Shop","item":"http:\/\/oldpage.gatom.eu\/shop\/"},{"@type":"ListItem","position":3,"name":"Termostat programski M6 + tipalo"}]},{"@type":"WebSite","@id":"http:\/\/oldpage.gatom.eu\/#website","url":"http:\/\/oldpage.gatom.eu\/","name":"Gatom","description":"Strokovnjaki za ogrevanje in energetsko neodvisnost","potentialAction":[{"@type":"SearchAction","target":{"@type":"EntryPoint","urlTemplate":"http:\/\/oldpage.gatom.eu\/?s={search_term_string}"},"query-input":"required name=search_term_string"}],"inLanguage":"hr"}]}},"_links":{"self":[{"href":"http:\/\/oldpage.gatom.eu\/hr\/wp-json\/wp\/v2\/product\/8776"}],"collection":[{"href":"http:\/\/oldpage.gatom.eu\/hr\/wp-json\/wp\/v2\/product"}],"about":[{"href":"http:\/\/oldpage.gatom.eu\/hr\/wp-json\/wp\/v2\/types\/product"}],"replies":[{"embeddable":true,"href":"http:\/\/oldpage.gatom.eu\/hr\/wp-json\/wp\/v2\/comments?post=8776"}],"wp:featuredmedia":[{"embeddable":true,"href":"http:\/\/oldpage.gatom.eu\/hr\/wp-json\/wp\/v2\/media\/8777"}],"wp:attachment":[{"href":"http:\/\/oldpage.gatom.eu\/hr\/wp-json\/wp\/v2\/media?parent=8776"}],"wp:term":[{"taxonomy":"product_cat","embeddable":true,"href":"http:\/\/oldpage.gatom.eu\/hr\/wp-json\/wp\/v2\/product_cat?post=8776"},{"taxonomy":"product_tag","embeddable":true,"href":"http:\/\/oldpage.gatom.eu\/hr\/wp-json\/wp\/v2\/product_tag?post=8776"}],"curies":[{"name":"wp","href":"https:\/\/api.w.org\/{rel}","templated":true}]}}