{"id":8553,"date":"2022-01-06T08:26:55","date_gmt":"2022-01-06T08:26:55","guid":{"rendered":"http:\/\/oldpage.gatom.eu\/?post_type=product&#038;p=8553"},"modified":"2022-11-29T07:23:13","modified_gmt":"2022-11-29T07:23:13","slug":"industrijski-ir-panel-ekowerm-s2400w","status":"publish","type":"product","link":"http:\/\/oldpage.gatom.eu\/hr\/product\/industrijski-ir-panel-ekowerm-s2400w\/","title":{"rendered":"Industrijski IR panel Ekowerm S+2400W"},"content":{"rendered":"<p>Visoko temperaturni sevalni paneli EKOWERM so namenjeni predvsem za\u00a0<strong>ogrevanje industrijskih objektov, skladi\u0161\u010d, delavnic, \u0161portnih dvoran,telovadnic\u2026<\/strong><br \/>\nPaneli se lahko namestijo pod strop z jekleno vrvjo ali verigo na vi\u0161ino med 3,5 m do 10 m, odvisno od mo\u010di panelov, ali na steno z prilo\u017eenimi nosilci.<\/p>\n<p>&nbsp;<\/p>\n<p><img loading=\"lazy\" class=\"alignleft wp-image-8554 size-medium\" src=\"http:\/\/oldpage.gatom.eu\/wp-content\/uploads\/2022\/01\/industrijski-ir-panel-ekowerm-s-3-e1612993687319-300x82.jpeg\" alt=\"\" width=\"300\" height=\"82\" srcset=\"http:\/\/oldpage.gatom.eu\/wp-content\/uploads\/2022\/01\/industrijski-ir-panel-ekowerm-s-3-e1612993687319-300x82.jpeg 300w, http:\/\/oldpage.gatom.eu\/wp-content\/uploads\/2022\/01\/industrijski-ir-panel-ekowerm-s-3-e1612993687319-768x211.jpeg 768w, http:\/\/oldpage.gatom.eu\/wp-content\/uploads\/2022\/01\/industrijski-ir-panel-ekowerm-s-3-e1612993687319-600x165.jpeg 600w, http:\/\/oldpage.gatom.eu\/wp-content\/uploads\/2022\/01\/industrijski-ir-panel-ekowerm-s-3-e1612993687319.jpeg 900w\" sizes=\"(max-width: 300px) 100vw, 300px\" \/> <strong>INDUSTRIJSKI IR PANEL EKOWERM S+ JE V CELOTI IZDELAN V EU<\/strong><\/p>\n<p><a href=\"https:\/\/www.zdravoogrevanje.si\/kategorija\/paneli\/industrijski-paneli\/\">Industrijski IR panel EKOWERM S+<\/a>\u00a0je izdelan iz kakovostnih materialov in so primerni za ogrevanje proizvodnih hal, skladi\u0161\u010d, cerkev, gostiln, restavracij in vseh prostorov z nad standardno vi\u0161ino stropov.\u00a0<a href=\"https:\/\/www.delo.si\/prosti-cas\/dom-in-druzina\/ali-so-ir-paneli-najbolj-zdravo-in-najcenejse-ogrevanje-110580.html\">Na\u0161a strokovna<\/a>\u00a0monta\u017ea in izku\u0161nje vam zagotovijo prijetno toploto in prihranke pri ogrevanju.<\/p>\n<p>&nbsp;<\/p>\n<p><img loading=\"lazy\" class=\"alignleft wp-image-8556 size-medium\" src=\"http:\/\/oldpage.gatom.eu\/wp-content\/uploads\/2022\/01\/industrijski-ir-panel-ekowerm-s-4-e1612993878527-300x128.jpeg\" alt=\"\" width=\"300\" height=\"128\" srcset=\"http:\/\/oldpage.gatom.eu\/wp-content\/uploads\/2022\/01\/industrijski-ir-panel-ekowerm-s-4-e1612993878527-300x128.jpeg 300w, http:\/\/oldpage.gatom.eu\/wp-content\/uploads\/2022\/01\/industrijski-ir-panel-ekowerm-s-4-e1612993878527-768x329.jpeg 768w, http:\/\/oldpage.gatom.eu\/wp-content\/uploads\/2022\/01\/industrijski-ir-panel-ekowerm-s-4-e1612993878527-600x257.jpeg 600w, http:\/\/oldpage.gatom.eu\/wp-content\/uploads\/2022\/01\/industrijski-ir-panel-ekowerm-s-4-e1612993878527.jpeg 900w\" sizes=\"(max-width: 300px) 100vw, 300px\" \/><strong> INDUSTRIJSKI IR PANEL EKOWERM S+ IMA ZA\u0160\u010cITO PRED PRAHOM IN VODNO PRHO<\/strong><\/p>\n<p>Zaradi tovrstne za\u0161\u010dite je uporaba IR panela EKOWERM povsem varna v vseh pogojih. Industrijski IR panel ne oddaja svetlobe, kar je primerno za arhitekturne prostore, kjer bi bila svetloba mote\u010da.<br \/>\nIR panel EKOWERM oddaja svojo toploto v srednjem in dolgovalovnem infrarde\u010dem spektru in ne povzro\u010da segrevanja zraka. Omogo\u010da natan\u010dno in enakomerno porazdelitev toplote.<\/p>\n<p>&nbsp;<\/p>\n<p><img loading=\"lazy\" class=\"alignleft wp-image-8558 size-medium\" src=\"http:\/\/oldpage.gatom.eu\/wp-content\/uploads\/2022\/01\/industrijski-ir-panel-ekowerm-s-2-e1612994086453-300x118.jpeg\" alt=\"\" width=\"300\" height=\"118\" srcset=\"http:\/\/oldpage.gatom.eu\/wp-content\/uploads\/2022\/01\/industrijski-ir-panel-ekowerm-s-2-e1612994086453-300x118.jpeg 300w, http:\/\/oldpage.gatom.eu\/wp-content\/uploads\/2022\/01\/industrijski-ir-panel-ekowerm-s-2-e1612994086453-600x236.jpeg 600w, http:\/\/oldpage.gatom.eu\/wp-content\/uploads\/2022\/01\/industrijski-ir-panel-ekowerm-s-2-e1612994086453.jpeg 650w\" sizes=\"(max-width: 300px) 100vw, 300px\" \/><\/p>\n<p><strong>NOSILCI SO NASTAVLJIVI, KOT DELOVANJA 90\u00b0<\/strong><\/p>\n<p>Nosilci omogo\u010dajo nastavitev razli\u010dnih kotov ogrevanja do 90\u00b0. IR paneli EKOWERM S+ omogo\u010dajo \u010disto toploto brez vonja , \u0161uma in kondenzacije. Prav tako ne povzro\u010dajo kro\u017eenje prahu, kar je \u0161e posebej primerno za alergike. Primerni so za stensko ali stropno monta\u017eo.<\/p>\n<p>&nbsp;<\/p>\n<p class=\"yikes-custom-woo-tab-title yikes-custom-woo-tab-title-tehnicni-podatki\"><strong>TEHNI\u010cNI PODATKI<\/strong><\/p>\n<ul>\n<li class=\"first-child\">Mo\u010d: 2400 W<\/li>\n<li>Dimenzije: 1500 x 200 x 70<\/li>\n<li>Te\u017ea: 10 kg<\/li>\n<li>Primerni za vgradnjo v\u00a0Knauf<\/li>\n<li>Barva: \u010drna<\/li>\n<li>Napetost: 230 V<\/li>\n<li>Za\u0161\u010dita IP 56 x 4<\/li>\n<li>Certifikati: CE, ROHS, TUV<\/li>\n<li class=\"last-child\">Namestitev: stenska ali stropna z nosilci<\/li>\n<\/ul>\n","protected":false},"excerpt":{"rendered":"<p>Industrijski<b>\u00a0IR paneli Ekowerm<\/b>\u00a0S+ so izdelani v EU iz kakovostnih materialov in so primerni za ogrevanje proizvodnih hal, skladi\u0161\u010d, cerkev, gostiln, restavracij in vseh prostorov z nad standardno vi\u0161ino stropov.\u00a0<b>IR panele<\/b>\u00a0je priporo\u010dljivo namestiti pod strop z jekleno vrvjo ali verigo na vi\u0161ino med 3,5m do 10m, odvisno od mo\u010di panelov ali na steno z nosilci. Na\u0161a strokovna monta\u017ea in izku\u0161nje vam zagotovijo prijetno toploto in prihranke pri ogrevanju.<\/p>\n<p>&nbsp;<\/p>\n","protected":false},"featured_media":8560,"comment_status":"closed","ping_status":"closed","template":"","meta":[],"product_cat":[147],"product_tag":[],"yoast_head":"<!-- This site is optimized with the Yoast SEO plugin v20.2 - https:\/\/yoast.com\/wordpress\/plugins\/seo\/ -->\n<title>Industrijski IR panel Ekowerm S+2400W - Gatom<\/title>\n<meta name=\"description\" content=\"Industrijski\u00a0IR paneli Ekowerm\u00a0S+ so izdelani v EU iz kakovostnih materialov in so primerni za ogrevanje proizvodnih hal, skladi\u0161\u010d, cerkev, gostiln, restavracij in vseh prostorov z nad standardno vi\u0161ino stropov.\u00a0IR panele\u00a0je priporo\u010dljivo namestiti pod strop z jekleno vrvjo ali verigo na vi\u0161ino med 3,5m do 10m, odvisno od mo\u010di panelov ali na steno z nosilci. Na\u0161a strokovna monta\u017ea in izku\u0161nje vam zagotovijo prijetno toploto in prihranke pri ogrevanju.\" \/>\n<meta name=\"robots\" content=\"noindex, follow, max-snippet:-1, max-image-preview:large, max-video-preview:-1\" \/>\n<meta property=\"og:locale\" content=\"hr_HR\" \/>\n<meta property=\"og:type\" content=\"article\" \/>\n<meta property=\"og:title\" content=\"Industrijski IR panel Ekowerm S+2400W - Gatom\" \/>\n<meta property=\"og:description\" content=\"Industrijski\u00a0IR paneli Ekowerm\u00a0S+ so izdelani v EU iz kakovostnih materialov in so primerni za ogrevanje proizvodnih hal, skladi\u0161\u010d, cerkev, gostiln, restavracij in vseh prostorov z nad standardno vi\u0161ino stropov.\u00a0IR panele\u00a0je priporo\u010dljivo namestiti pod strop z jekleno vrvjo ali verigo na vi\u0161ino med 3,5m do 10m, odvisno od mo\u010di panelov ali na steno z nosilci. Na\u0161a strokovna monta\u017ea in izku\u0161nje vam zagotovijo prijetno toploto in prihranke pri ogrevanju.\" \/>\n<meta property=\"og:url\" content=\"http:\/\/oldpage.gatom.eu\/hr\/product\/industrijski-ir-panel-ekowerm-s2400w\/\" \/>\n<meta property=\"og:site_name\" content=\"Gatom\" \/>\n<meta property=\"article:modified_time\" content=\"2022-11-29T07:23:13+00:00\" \/>\n<meta property=\"og:image\" content=\"http:\/\/oldpage.gatom.eu\/wp-content\/uploads\/2022\/01\/industrijski-ir-panel-ekowerm-s-6.jpeg\" \/>\n\t<meta property=\"og:image:width\" content=\"510\" \/>\n\t<meta property=\"og:image:height\" content=\"383\" \/>\n\t<meta property=\"og:image:type\" content=\"image\/jpeg\" \/>\n<meta name=\"twitter:card\" content=\"summary_large_image\" \/>\n<meta name=\"twitter:label1\" content=\"Procijenjeno vrijeme \u010ditanja\" \/>\n\t<meta name=\"twitter:data1\" content=\"2 minute\" \/>\n<script type=\"application\/ld+json\" class=\"yoast-schema-graph\">{\"@context\":\"https:\/\/schema.org\",\"@graph\":[{\"@type\":\"WebPage\",\"@id\":\"http:\/\/oldpage.gatom.eu\/hr\/product\/industrijski-ir-panel-ekowerm-s2400w\/\",\"url\":\"http:\/\/oldpage.gatom.eu\/hr\/product\/industrijski-ir-panel-ekowerm-s2400w\/\",\"name\":\"Industrijski IR panel Ekowerm S+2400W - Gatom\",\"isPartOf\":{\"@id\":\"http:\/\/oldpage.gatom.eu\/#website\"},\"datePublished\":\"2022-01-06T08:26:55+00:00\",\"dateModified\":\"2022-11-29T07:23:13+00:00\",\"description\":\"Industrijski\u00a0IR paneli Ekowerm\u00a0S+ so izdelani v EU iz kakovostnih materialov in so primerni za ogrevanje proizvodnih hal, skladi\u0161\u010d, cerkev, gostiln, restavracij in vseh prostorov z nad standardno vi\u0161ino stropov.\u00a0IR panele\u00a0je priporo\u010dljivo namestiti pod strop z jekleno vrvjo ali verigo na vi\u0161ino med 3,5m do 10m, odvisno od mo\u010di panelov ali na steno z nosilci. Na\u0161a strokovna monta\u017ea in izku\u0161nje vam zagotovijo prijetno toploto in prihranke pri ogrevanju.\",\"breadcrumb\":{\"@id\":\"http:\/\/oldpage.gatom.eu\/hr\/product\/industrijski-ir-panel-ekowerm-s2400w\/#breadcrumb\"},\"inLanguage\":\"hr\",\"potentialAction\":[{\"@type\":\"ReadAction\",\"target\":[\"http:\/\/oldpage.gatom.eu\/hr\/product\/industrijski-ir-panel-ekowerm-s2400w\/\"]}]},{\"@type\":\"BreadcrumbList\",\"@id\":\"http:\/\/oldpage.gatom.eu\/hr\/product\/industrijski-ir-panel-ekowerm-s2400w\/#breadcrumb\",\"itemListElement\":[{\"@type\":\"ListItem\",\"position\":1,\"name\":\"Home\",\"item\":\"https:\/\/oldpage.gatom.eu\/hr\/\"},{\"@type\":\"ListItem\",\"position\":2,\"name\":\"Shop\",\"item\":\"http:\/\/oldpage.gatom.eu\/shop\/\"},{\"@type\":\"ListItem\",\"position\":3,\"name\":\"Industrijski IR panel Ekowerm S+2400W\"}]},{\"@type\":\"WebSite\",\"@id\":\"http:\/\/oldpage.gatom.eu\/#website\",\"url\":\"http:\/\/oldpage.gatom.eu\/\",\"name\":\"Gatom\",\"description\":\"Strokovnjaki za ogrevanje in energetsko neodvisnost\",\"potentialAction\":[{\"@type\":\"SearchAction\",\"target\":{\"@type\":\"EntryPoint\",\"urlTemplate\":\"http:\/\/oldpage.gatom.eu\/?s={search_term_string}\"},\"query-input\":\"required name=search_term_string\"}],\"inLanguage\":\"hr\"}]}<\/script>\n<!-- \/ Yoast SEO plugin. -->","yoast_head_json":{"title":"Industrijski IR panel Ekowerm S+2400W - Gatom","description":"Industrijski\u00a0IR paneli Ekowerm\u00a0S+ so izdelani v EU iz kakovostnih materialov in so primerni za ogrevanje proizvodnih hal, skladi\u0161\u010d, cerkev, gostiln, restavracij in vseh prostorov z nad standardno vi\u0161ino stropov.\u00a0IR panele\u00a0je priporo\u010dljivo namestiti pod strop z jekleno vrvjo ali verigo na vi\u0161ino med 3,5m do 10m, odvisno od mo\u010di panelov ali na steno z nosilci. Na\u0161a strokovna monta\u017ea in izku\u0161nje vam zagotovijo prijetno toploto in prihranke pri ogrevanju.","robots":{"index":"noindex","follow":"follow","max-snippet":"max-snippet:-1","max-image-preview":"max-image-preview:large","max-video-preview":"max-video-preview:-1"},"og_locale":"hr_HR","og_type":"article","og_title":"Industrijski IR panel Ekowerm S+2400W - Gatom","og_description":"Industrijski\u00a0IR paneli Ekowerm\u00a0S+ so izdelani v EU iz kakovostnih materialov in so primerni za ogrevanje proizvodnih hal, skladi\u0161\u010d, cerkev, gostiln, restavracij in vseh prostorov z nad standardno vi\u0161ino stropov.\u00a0IR panele\u00a0je priporo\u010dljivo namestiti pod strop z jekleno vrvjo ali verigo na vi\u0161ino med 3,5m do 10m, odvisno od mo\u010di panelov ali na steno z nosilci. Na\u0161a strokovna monta\u017ea in izku\u0161nje vam zagotovijo prijetno toploto in prihranke pri ogrevanju.","og_url":"http:\/\/oldpage.gatom.eu\/hr\/product\/industrijski-ir-panel-ekowerm-s2400w\/","og_site_name":"Gatom","article_modified_time":"2022-11-29T07:23:13+00:00","og_image":[{"width":510,"height":383,"url":"http:\/\/oldpage.gatom.eu\/wp-content\/uploads\/2022\/01\/industrijski-ir-panel-ekowerm-s-6.jpeg","type":"image\/jpeg"}],"twitter_card":"summary_large_image","twitter_misc":{"Procijenjeno vrijeme \u010ditanja":"2 minute"},"schema":{"@context":"https:\/\/schema.org","@graph":[{"@type":"WebPage","@id":"http:\/\/oldpage.gatom.eu\/hr\/product\/industrijski-ir-panel-ekowerm-s2400w\/","url":"http:\/\/oldpage.gatom.eu\/hr\/product\/industrijski-ir-panel-ekowerm-s2400w\/","name":"Industrijski IR panel Ekowerm S+2400W - Gatom","isPartOf":{"@id":"http:\/\/oldpage.gatom.eu\/#website"},"datePublished":"2022-01-06T08:26:55+00:00","dateModified":"2022-11-29T07:23:13+00:00","description":"Industrijski\u00a0IR paneli Ekowerm\u00a0S+ so izdelani v EU iz kakovostnih materialov in so primerni za ogrevanje proizvodnih hal, skladi\u0161\u010d, cerkev, gostiln, restavracij in vseh prostorov z nad standardno vi\u0161ino stropov.\u00a0IR panele\u00a0je priporo\u010dljivo namestiti pod strop z jekleno vrvjo ali verigo na vi\u0161ino med 3,5m do 10m, odvisno od mo\u010di panelov ali na steno z nosilci. Na\u0161a strokovna monta\u017ea in izku\u0161nje vam zagotovijo prijetno toploto in prihranke pri ogrevanju.","breadcrumb":{"@id":"http:\/\/oldpage.gatom.eu\/hr\/product\/industrijski-ir-panel-ekowerm-s2400w\/#breadcrumb"},"inLanguage":"hr","potentialAction":[{"@type":"ReadAction","target":["http:\/\/oldpage.gatom.eu\/hr\/product\/industrijski-ir-panel-ekowerm-s2400w\/"]}]},{"@type":"BreadcrumbList","@id":"http:\/\/oldpage.gatom.eu\/hr\/product\/industrijski-ir-panel-ekowerm-s2400w\/#breadcrumb","itemListElement":[{"@type":"ListItem","position":1,"name":"Home","item":"https:\/\/oldpage.gatom.eu\/hr\/"},{"@type":"ListItem","position":2,"name":"Shop","item":"http:\/\/oldpage.gatom.eu\/shop\/"},{"@type":"ListItem","position":3,"name":"Industrijski IR panel Ekowerm S+2400W"}]},{"@type":"WebSite","@id":"http:\/\/oldpage.gatom.eu\/#website","url":"http:\/\/oldpage.gatom.eu\/","name":"Gatom","description":"Strokovnjaki za ogrevanje in energetsko neodvisnost","potentialAction":[{"@type":"SearchAction","target":{"@type":"EntryPoint","urlTemplate":"http:\/\/oldpage.gatom.eu\/?s={search_term_string}"},"query-input":"required name=search_term_string"}],"inLanguage":"hr"}]}},"_links":{"self":[{"href":"http:\/\/oldpage.gatom.eu\/hr\/wp-json\/wp\/v2\/product\/8553"}],"collection":[{"href":"http:\/\/oldpage.gatom.eu\/hr\/wp-json\/wp\/v2\/product"}],"about":[{"href":"http:\/\/oldpage.gatom.eu\/hr\/wp-json\/wp\/v2\/types\/product"}],"replies":[{"embeddable":true,"href":"http:\/\/oldpage.gatom.eu\/hr\/wp-json\/wp\/v2\/comments?post=8553"}],"wp:featuredmedia":[{"embeddable":true,"href":"http:\/\/oldpage.gatom.eu\/hr\/wp-json\/wp\/v2\/media\/8560"}],"wp:attachment":[{"href":"http:\/\/oldpage.gatom.eu\/hr\/wp-json\/wp\/v2\/media?parent=8553"}],"wp:term":[{"taxonomy":"product_cat","embeddable":true,"href":"http:\/\/oldpage.gatom.eu\/hr\/wp-json\/wp\/v2\/product_cat?post=8553"},{"taxonomy":"product_tag","embeddable":true,"href":"http:\/\/oldpage.gatom.eu\/hr\/wp-json\/wp\/v2\/product_tag?post=8553"}],"curies":[{"name":"wp","href":"https:\/\/api.w.org\/{rel}","templated":true}]}}