{"id":8540,"date":"2022-01-06T08:11:56","date_gmt":"2022-01-06T08:11:56","guid":{"rendered":"http:\/\/oldpage.gatom.eu\/?post_type=product&#038;p=8540"},"modified":"2022-11-29T07:24:07","modified_gmt":"2022-11-29T07:24:07","slug":"termostat-smart-wifi-tipalo","status":"publish","type":"product","link":"http:\/\/oldpage.gatom.eu\/hr\/product\/termostat-smart-wifi-tipalo\/","title":{"rendered":"Termostat Smart Wifi + Tipalo"},"content":{"rendered":"<p>TERMOSTAT SMART WIFI, je ve\u010d funkcijski programirljiv termostat z enostavnim upravljanjem in modernim videzom, ki popolnoma ustreza va\u0161im potrebam. Termostat je izdelan iz materiala, ki je po\u017earno varen, njegova uporaba pa je zelo \u0161iroka:\u00a0 za doma\u010do uporabo, industrijo, poslovne prostore, bolni\u0161nice, hotele\u2026<\/p>\n<p>Termostat z napredno tehnologijo ima vgrajen mikrora\u010dunalnik kar zagotavlja visoke izkoristke in napredno funkcijo var\u010devanja energije. Termostat je primeren tako za\u00a0<a href=\"https:\/\/www.zdravoogrevanje.si\/trgovina\/\">IR panele<\/a>\u00a0kot tudi druge vrste elektri\u010dnega ogrevanja.<\/p>\n<p>Paket vsebuje:<\/p>\n<p>1 x Termostat<br \/>\n1 x Senzor za talno gretje<br \/>\n2 x pritrdilni vijaki<br \/>\n1 x navodila za uporabo<\/p>\n<p>Na voljo tudi v \u010drni barvi.<\/p>\n<p>&nbsp;<\/p>\n<p class=\"yikes-custom-woo-tab-title yikes-custom-woo-tab-title-tehnicni-podatki\"><strong>TEHNI\u010cNI PODATKI<\/strong><\/p>\n<ul>\n<li class=\"first-child\">Material: PC + ABS, ki zavira gorenje<\/li>\n<li>Senzor: NTC<\/li>\n<li>Natan\u010dnost: \u00b1 0,5 \u2103<\/li>\n<li>Poraba energije: &lt;0,3 W<\/li>\n<li>Mo\u010d: AC100-240V \/ 24V, 50 \/ 60Hz<\/li>\n<li>Tokovni tok: 16A (elektri\u010dno ogrevanje). 3A (vodni + plinski kotel)<\/li>\n<li>Temperaturno obmo\u010dje: 5 \u2103 ~ 99 \u2103<\/li>\n<li>Velikost: pribli\u017eno 86 x 86 x 13 mm<\/li>\n<li>Napetost: 100V-240V, ki jo lahko uporabimo v vseh dr\u017eavah sveta<\/li>\n<li class=\"last-child\">Garancijski rok: 1 leto.<\/li>\n<\/ul>\n","protected":false},"excerpt":{"rendered":"<p>Termostat smart wifi je namenjen krmiljenju vseh vrst elektri\u010dnih ogrevalnih sistemov. Ima vgrajeno napredno funkcijo za izra\u010dun temperature v sredi\u0161\u010du prostora. Termostat ima mo\u017enosti\u00a0<strong>nastavitev mnogo programov za najzahtevnej\u0161e uporabnike in<\/strong><br \/>\nomogo\u010da nadzor nad\u00a0<a href=\"http:\/\/oldpage.gatom.eu\/\">ogrevanjem<\/a>\u00a0kjerkoli in kadarkoli. Ima vgrajen web server, kar pomeni, da lahko dostopate do termostata preko katerega koli ra\u010dunalnika, priklju\u010denega na internet, prav tako tudi s pomo\u010djo pametnih telefonov in tablic. Kjerkoli \u017ee ste in imate dostop do svetovnega spleta, lahko preverite trenutno stanje v va\u0161em domu in po potrebi tudi spreminjate nastavitve termostata.<\/p>\n","protected":false},"featured_media":8549,"comment_status":"closed","ping_status":"closed","template":"","meta":[],"product_cat":[108],"product_tag":[],"yoast_head":"<!-- This site is optimized with the Yoast SEO plugin v20.2 - https:\/\/yoast.com\/wordpress\/plugins\/seo\/ -->\n<title>Termostat Smart Wifi + Tipalo - Gatom<\/title>\n<meta name=\"robots\" content=\"noindex, follow, max-snippet:-1, max-image-preview:large, max-video-preview:-1\" \/>\n<meta property=\"og:locale\" content=\"hr_HR\" \/>\n<meta property=\"og:type\" content=\"article\" \/>\n<meta property=\"og:title\" content=\"Termostat Smart Wifi + Tipalo - Gatom\" \/>\n<meta property=\"og:description\" content=\"Termostat smart wifi je namenjen krmiljenju vseh vrst elektri\u010dnih ogrevalnih sistemov. Ima vgrajeno napredno funkcijo za izra\u010dun temperature v sredi\u0161\u010du prostora. Termostat ima mo\u017enosti\u00a0nastavitev mnogo programov za najzahtevnej\u0161e uporabnike in omogo\u010da nadzor nad\u00a0ogrevanjem\u00a0kjerkoli in kadarkoli. Ima vgrajen web server, kar pomeni, da lahko dostopate do termostata preko katerega koli ra\u010dunalnika, priklju\u010denega na internet, prav tako tudi s pomo\u010djo pametnih telefonov in tablic. Kjerkoli \u017ee ste in imate dostop do svetovnega spleta, lahko preverite trenutno stanje v va\u0161em domu in po potrebi tudi spreminjate nastavitve termostata.\" \/>\n<meta property=\"og:url\" content=\"http:\/\/oldpage.gatom.eu\/hr\/product\/termostat-smart-wifi-tipalo\/\" \/>\n<meta property=\"og:site_name\" content=\"Gatom\" \/>\n<meta property=\"article:modified_time\" content=\"2022-11-29T07:24:07+00:00\" \/>\n<meta property=\"og:image\" content=\"http:\/\/oldpage.gatom.eu\/wp-content\/uploads\/2022\/01\/termostat-smart-wifi-1.jpeg\" \/>\n\t<meta property=\"og:image:width\" content=\"750\" \/>\n\t<meta property=\"og:image:height\" content=\"750\" \/>\n\t<meta property=\"og:image:type\" content=\"image\/jpeg\" \/>\n<meta name=\"twitter:card\" content=\"summary_large_image\" \/>\n<meta name=\"twitter:label1\" content=\"Procijenjeno vrijeme \u010ditanja\" \/>\n\t<meta name=\"twitter:data1\" content=\"1 minuta\" \/>\n<script type=\"application\/ld+json\" class=\"yoast-schema-graph\">{\"@context\":\"https:\/\/schema.org\",\"@graph\":[{\"@type\":\"WebPage\",\"@id\":\"http:\/\/oldpage.gatom.eu\/hr\/product\/termostat-smart-wifi-tipalo\/\",\"url\":\"http:\/\/oldpage.gatom.eu\/hr\/product\/termostat-smart-wifi-tipalo\/\",\"name\":\"Termostat Smart Wifi + Tipalo - Gatom\",\"isPartOf\":{\"@id\":\"http:\/\/oldpage.gatom.eu\/#website\"},\"datePublished\":\"2022-01-06T08:11:56+00:00\",\"dateModified\":\"2022-11-29T07:24:07+00:00\",\"breadcrumb\":{\"@id\":\"http:\/\/oldpage.gatom.eu\/hr\/product\/termostat-smart-wifi-tipalo\/#breadcrumb\"},\"inLanguage\":\"hr\",\"potentialAction\":[{\"@type\":\"ReadAction\",\"target\":[\"http:\/\/oldpage.gatom.eu\/hr\/product\/termostat-smart-wifi-tipalo\/\"]}]},{\"@type\":\"BreadcrumbList\",\"@id\":\"http:\/\/oldpage.gatom.eu\/hr\/product\/termostat-smart-wifi-tipalo\/#breadcrumb\",\"itemListElement\":[{\"@type\":\"ListItem\",\"position\":1,\"name\":\"Home\",\"item\":\"https:\/\/oldpage.gatom.eu\/hr\/\"},{\"@type\":\"ListItem\",\"position\":2,\"name\":\"Shop\",\"item\":\"http:\/\/oldpage.gatom.eu\/shop\/\"},{\"@type\":\"ListItem\",\"position\":3,\"name\":\"Termostat Smart Wifi + Tipalo\"}]},{\"@type\":\"WebSite\",\"@id\":\"http:\/\/oldpage.gatom.eu\/#website\",\"url\":\"http:\/\/oldpage.gatom.eu\/\",\"name\":\"Gatom\",\"description\":\"Strokovnjaki za ogrevanje in energetsko neodvisnost\",\"potentialAction\":[{\"@type\":\"SearchAction\",\"target\":{\"@type\":\"EntryPoint\",\"urlTemplate\":\"http:\/\/oldpage.gatom.eu\/?s={search_term_string}\"},\"query-input\":\"required name=search_term_string\"}],\"inLanguage\":\"hr\"}]}<\/script>\n<!-- \/ Yoast SEO plugin. -->","yoast_head_json":{"title":"Termostat Smart Wifi + Tipalo - Gatom","robots":{"index":"noindex","follow":"follow","max-snippet":"max-snippet:-1","max-image-preview":"max-image-preview:large","max-video-preview":"max-video-preview:-1"},"og_locale":"hr_HR","og_type":"article","og_title":"Termostat Smart Wifi + Tipalo - Gatom","og_description":"Termostat smart wifi je namenjen krmiljenju vseh vrst elektri\u010dnih ogrevalnih sistemov. Ima vgrajeno napredno funkcijo za izra\u010dun temperature v sredi\u0161\u010du prostora. Termostat ima mo\u017enosti\u00a0nastavitev mnogo programov za najzahtevnej\u0161e uporabnike in omogo\u010da nadzor nad\u00a0ogrevanjem\u00a0kjerkoli in kadarkoli. Ima vgrajen web server, kar pomeni, da lahko dostopate do termostata preko katerega koli ra\u010dunalnika, priklju\u010denega na internet, prav tako tudi s pomo\u010djo pametnih telefonov in tablic. Kjerkoli \u017ee ste in imate dostop do svetovnega spleta, lahko preverite trenutno stanje v va\u0161em domu in po potrebi tudi spreminjate nastavitve termostata.","og_url":"http:\/\/oldpage.gatom.eu\/hr\/product\/termostat-smart-wifi-tipalo\/","og_site_name":"Gatom","article_modified_time":"2022-11-29T07:24:07+00:00","og_image":[{"width":750,"height":750,"url":"http:\/\/oldpage.gatom.eu\/wp-content\/uploads\/2022\/01\/termostat-smart-wifi-1.jpeg","type":"image\/jpeg"}],"twitter_card":"summary_large_image","twitter_misc":{"Procijenjeno vrijeme \u010ditanja":"1 minuta"},"schema":{"@context":"https:\/\/schema.org","@graph":[{"@type":"WebPage","@id":"http:\/\/oldpage.gatom.eu\/hr\/product\/termostat-smart-wifi-tipalo\/","url":"http:\/\/oldpage.gatom.eu\/hr\/product\/termostat-smart-wifi-tipalo\/","name":"Termostat Smart Wifi + Tipalo - Gatom","isPartOf":{"@id":"http:\/\/oldpage.gatom.eu\/#website"},"datePublished":"2022-01-06T08:11:56+00:00","dateModified":"2022-11-29T07:24:07+00:00","breadcrumb":{"@id":"http:\/\/oldpage.gatom.eu\/hr\/product\/termostat-smart-wifi-tipalo\/#breadcrumb"},"inLanguage":"hr","potentialAction":[{"@type":"ReadAction","target":["http:\/\/oldpage.gatom.eu\/hr\/product\/termostat-smart-wifi-tipalo\/"]}]},{"@type":"BreadcrumbList","@id":"http:\/\/oldpage.gatom.eu\/hr\/product\/termostat-smart-wifi-tipalo\/#breadcrumb","itemListElement":[{"@type":"ListItem","position":1,"name":"Home","item":"https:\/\/oldpage.gatom.eu\/hr\/"},{"@type":"ListItem","position":2,"name":"Shop","item":"http:\/\/oldpage.gatom.eu\/shop\/"},{"@type":"ListItem","position":3,"name":"Termostat Smart Wifi + Tipalo"}]},{"@type":"WebSite","@id":"http:\/\/oldpage.gatom.eu\/#website","url":"http:\/\/oldpage.gatom.eu\/","name":"Gatom","description":"Strokovnjaki za ogrevanje in energetsko neodvisnost","potentialAction":[{"@type":"SearchAction","target":{"@type":"EntryPoint","urlTemplate":"http:\/\/oldpage.gatom.eu\/?s={search_term_string}"},"query-input":"required name=search_term_string"}],"inLanguage":"hr"}]}},"_links":{"self":[{"href":"http:\/\/oldpage.gatom.eu\/hr\/wp-json\/wp\/v2\/product\/8540"}],"collection":[{"href":"http:\/\/oldpage.gatom.eu\/hr\/wp-json\/wp\/v2\/product"}],"about":[{"href":"http:\/\/oldpage.gatom.eu\/hr\/wp-json\/wp\/v2\/types\/product"}],"replies":[{"embeddable":true,"href":"http:\/\/oldpage.gatom.eu\/hr\/wp-json\/wp\/v2\/comments?post=8540"}],"wp:featuredmedia":[{"embeddable":true,"href":"http:\/\/oldpage.gatom.eu\/hr\/wp-json\/wp\/v2\/media\/8549"}],"wp:attachment":[{"href":"http:\/\/oldpage.gatom.eu\/hr\/wp-json\/wp\/v2\/media?parent=8540"}],"wp:term":[{"taxonomy":"product_cat","embeddable":true,"href":"http:\/\/oldpage.gatom.eu\/hr\/wp-json\/wp\/v2\/product_cat?post=8540"},{"taxonomy":"product_tag","embeddable":true,"href":"http:\/\/oldpage.gatom.eu\/hr\/wp-json\/wp\/v2\/product_tag?post=8540"}],"curies":[{"name":"wp","href":"https:\/\/api.w.org\/{rel}","templated":true}]}}