{"id":8533,"date":"2022-01-06T08:05:06","date_gmt":"2022-01-06T08:05:06","guid":{"rendered":"http:\/\/oldpage.gatom.eu\/?post_type=product&#038;p=8533"},"modified":"2022-11-29T07:24:22","modified_gmt":"2022-11-29T07:24:22","slug":"brezzicni-termostat-z-daljincem-za-ir-panele","status":"publish","type":"product","link":"http:\/\/oldpage.gatom.eu\/hr\/product\/brezzicni-termostat-z-daljincem-za-ir-panele\/","title":{"rendered":"Brez\u017ei\u010dni termostat z daljincem za IR panele"},"content":{"rendered":"<p><strong>BREZ\u017dI\u010cNI TERMOSTAT PREJEMNIK NAGRADE ZA ENERGIJSKO U\u010cINKOVITOST<\/strong><\/p>\n<p>Brez\u017ei\u010dni daljinski termostat je namenjen tako za regulacijo\u00a0<a href=\"https:\/\/www.delo.si\/tag\/ir-paneli\">IR panelov,<\/a>\u00a0kot tudi drugih ogrevalnih sistemov. Termostat je bil v letu 2018 prejemnik nagrade za energijsko u\u010dinkovit termostat za krmiljenje IR panelov. Sestavljen je iz sprejemnika, ki ga enostavno vtaknete v vti\u010dnico in daljinskega upravljalnika s katerim lahko nastavljate ogrevanje na daljavo.<\/p>\n<p><img loading=\"lazy\" class=\"aligncenter wp-image-8534 size-medium\" src=\"http:\/\/oldpage.gatom.eu\/wp-content\/uploads\/2022\/01\/brezz\u030cic\u030cni-termostat-3-300x300.jpeg\" alt=\"\" width=\"300\" height=\"300\" srcset=\"http:\/\/oldpage.gatom.eu\/wp-content\/uploads\/2022\/01\/brezz\u030cic\u030cni-termostat-3-300x300.jpeg 300w, http:\/\/oldpage.gatom.eu\/wp-content\/uploads\/2022\/01\/brezz\u030cic\u030cni-termostat-3-150x150.jpeg 150w, http:\/\/oldpage.gatom.eu\/wp-content\/uploads\/2022\/01\/brezz\u030cic\u030cni-termostat-3-768x768.jpeg 768w, http:\/\/oldpage.gatom.eu\/wp-content\/uploads\/2022\/01\/brezz\u030cic\u030cni-termostat-3-650x650.jpeg 650w, http:\/\/oldpage.gatom.eu\/wp-content\/uploads\/2022\/01\/brezz\u030cic\u030cni-termostat-3-600x600.jpeg 600w, http:\/\/oldpage.gatom.eu\/wp-content\/uploads\/2022\/01\/brezz\u030cic\u030cni-termostat-3-100x100.jpeg 100w, http:\/\/oldpage.gatom.eu\/wp-content\/uploads\/2022\/01\/brezz\u030cic\u030cni-termostat-3.jpeg 1000w\" sizes=\"(max-width: 300px) 100vw, 300px\" \/><\/p>\n<p>&nbsp;<\/p>\n<p><strong>POVSEM ENOSTAVEN POTEK MONTA\u017dE V NEKAJ MINUTAH<\/strong><\/p>\n<p>1. Sprejemnik vtaknete v elektri\u010dno vti\u010dnico.<br \/>\n2. V sprejemnik vtaknete kabel od IR panela.<br \/>\n3. Nastavljate z daljinskim upravljalnikom in u\u017eivate ob gretju.<br \/>\n4. Z enim upravljalnikom lahko krmilimo ve\u010d sprejemnikov.<\/p>\n<p><img loading=\"lazy\" class=\"aligncenter wp-image-8536 size-medium\" src=\"http:\/\/oldpage.gatom.eu\/wp-content\/uploads\/2022\/01\/brezz\u030cic\u030cni-termostat-1-300x300.jpeg\" alt=\"\" width=\"300\" height=\"300\" srcset=\"http:\/\/oldpage.gatom.eu\/wp-content\/uploads\/2022\/01\/brezz\u030cic\u030cni-termostat-1-300x300.jpeg 300w, http:\/\/oldpage.gatom.eu\/wp-content\/uploads\/2022\/01\/brezz\u030cic\u030cni-termostat-1-150x150.jpeg 150w, http:\/\/oldpage.gatom.eu\/wp-content\/uploads\/2022\/01\/brezz\u030cic\u030cni-termostat-1-600x600.jpeg 600w, http:\/\/oldpage.gatom.eu\/wp-content\/uploads\/2022\/01\/brezz\u030cic\u030cni-termostat-1-100x100.jpeg 100w, http:\/\/oldpage.gatom.eu\/wp-content\/uploads\/2022\/01\/brezz\u030cic\u030cni-termostat-1.jpeg 640w\" sizes=\"(max-width: 300px) 100vw, 300px\" \/><\/p>\n<p>&nbsp;<\/p>\n<p><strong>BREZ\u017dI\u010cNI TERMOSTAT USTVARJEN ZA IR PANELE<\/strong><\/p>\n<p>Prednost\u00a0termostata je v energijski u\u010dinkovitosti in enostavnosti za uporabo. Ve\u010d letni razvoj je prinesel nagrado za energijsko u\u010dinkovitost ERP 2018. Domet daljinskega upravljalnika je pribli\u017eno 20 metrov.<br \/>\nTermostat z\u00a0 LCD digitalnim zaslonom prikazuje dan v tednu, \u010das, trenutno temperaturo in nastavljeno temperaturo, nastavljen program.<\/p>\n<p>&nbsp;<\/p>\n<p class=\"yikes-custom-woo-tab-title yikes-custom-woo-tab-title-tehnicni-podatki\"><strong>TEHNI\u010cNI PODATKI<\/strong><\/p>\n<ul>\n<li class=\"first-child\">LCD zaslon na daljinskem upravljalniku<\/li>\n<li>prikazuje dan v tednu, \u010das, nastavljen program<\/li>\n<li>prikazuje \u017eeljeno in dejansko temperaturo v prostoru<\/li>\n<li>najve\u010dja mo\u010d priklopa je 3600W<\/li>\n<li>evropski certifikat ERP za energijsko u\u010dinkovitost<\/li>\n<li>odaljenost za uporabo do 20 metrov<\/li>\n<li class=\"last-child\">Garancijski rok: 2 leti<\/li>\n<\/ul>\n","protected":false},"excerpt":{"rendered":"<p>Brez\u017ei\u010dni daljinski termostat je namenjen izklju\u010dno za regulacijo IR panelov. Termostat je bil v letu 2018 prejemnik nagrade za energijsko u\u010dinkovit termostat za krmiljenje IR panelov. Sestavljen je iz sprejemnika, ki ga enostavno vtaknete v vti\u010dnico in daljinskega upravljalnika s katerim lahko nastavljate ogrevanje na daljavo.<br \/>\nBrez\u017ei\u010dni termostat je \u0161e posebej primeren za uporabnike kateri si \u017eelijo samo zmontirati IR panel in termostat, saj za to ne potrebujejo nobenega znanja.<\/p>\n","protected":false},"featured_media":8538,"comment_status":"open","ping_status":"closed","template":"","meta":[],"product_cat":[108],"product_tag":[],"yoast_head":"<!-- This site is optimized with the Yoast SEO plugin v20.2 - https:\/\/yoast.com\/wordpress\/plugins\/seo\/ -->\n<title>Brez\u017ei\u010dni termostat z daljincem za IR panele - Gatom<\/title>\n<meta name=\"description\" content=\"Brez\u017ei\u010dni daljinski termostat je namenjen izklju\u010dno za regulacijo IR panelov. Termostat je bil v letu 2018 prejemnik nagrade za energijsko u\u010dinkovit termostat za krmiljenje IR panelov. Sestavljen je iz sprejemnika, ki ga enostavno vtaknete v vti\u010dnico in daljinskega upravljalnika s katerim lahko nastavljate ogrevanje na daljavo.Brez\u017ei\u010dni termostat je \u0161e posebej primeren za uporabnike kateri si \u017eelijo samo zmontirati IR panel in termostat, saj za to ne potrebujejo nobenega znanja.\" \/>\n<meta name=\"robots\" content=\"noindex, follow, max-snippet:-1, max-image-preview:large, max-video-preview:-1\" \/>\n<meta property=\"og:locale\" content=\"hr_HR\" \/>\n<meta property=\"og:type\" content=\"article\" \/>\n<meta property=\"og:title\" content=\"Brez\u017ei\u010dni termostat z daljincem za IR panele - Gatom\" \/>\n<meta property=\"og:description\" content=\"Brez\u017ei\u010dni daljinski termostat je namenjen izklju\u010dno za regulacijo IR panelov. Termostat je bil v letu 2018 prejemnik nagrade za energijsko u\u010dinkovit termostat za krmiljenje IR panelov. Sestavljen je iz sprejemnika, ki ga enostavno vtaknete v vti\u010dnico in daljinskega upravljalnika s katerim lahko nastavljate ogrevanje na daljavo.Brez\u017ei\u010dni termostat je \u0161e posebej primeren za uporabnike kateri si \u017eelijo samo zmontirati IR panel in termostat, saj za to ne potrebujejo nobenega znanja.\" \/>\n<meta property=\"og:url\" content=\"http:\/\/oldpage.gatom.eu\/hr\/product\/brezzicni-termostat-z-daljincem-za-ir-panele\/\" \/>\n<meta property=\"og:site_name\" content=\"Gatom\" \/>\n<meta property=\"article:modified_time\" content=\"2022-11-29T07:24:22+00:00\" \/>\n<meta property=\"og:image\" content=\"http:\/\/oldpage.gatom.eu\/wp-content\/uploads\/2022\/01\/External-solution.jpeg\" \/>\n\t<meta property=\"og:image:width\" content=\"1000\" \/>\n\t<meta property=\"og:image:height\" content=\"1000\" \/>\n\t<meta property=\"og:image:type\" content=\"image\/jpeg\" \/>\n<meta name=\"twitter:card\" content=\"summary_large_image\" \/>\n<meta name=\"twitter:label1\" content=\"Procijenjeno vrijeme \u010ditanja\" \/>\n\t<meta name=\"twitter:data1\" content=\"2 minute\" \/>\n<script type=\"application\/ld+json\" class=\"yoast-schema-graph\">{\"@context\":\"https:\/\/schema.org\",\"@graph\":[{\"@type\":\"WebPage\",\"@id\":\"http:\/\/oldpage.gatom.eu\/hr\/product\/brezzicni-termostat-z-daljincem-za-ir-panele\/\",\"url\":\"http:\/\/oldpage.gatom.eu\/hr\/product\/brezzicni-termostat-z-daljincem-za-ir-panele\/\",\"name\":\"Brez\u017ei\u010dni termostat z daljincem za IR panele - Gatom\",\"isPartOf\":{\"@id\":\"http:\/\/oldpage.gatom.eu\/#website\"},\"datePublished\":\"2022-01-06T08:05:06+00:00\",\"dateModified\":\"2022-11-29T07:24:22+00:00\",\"description\":\"Brez\u017ei\u010dni daljinski termostat je namenjen izklju\u010dno za regulacijo IR panelov. Termostat je bil v letu 2018 prejemnik nagrade za energijsko u\u010dinkovit termostat za krmiljenje IR panelov. Sestavljen je iz sprejemnika, ki ga enostavno vtaknete v vti\u010dnico in daljinskega upravljalnika s katerim lahko nastavljate ogrevanje na daljavo.Brez\u017ei\u010dni termostat je \u0161e posebej primeren za uporabnike kateri si \u017eelijo samo zmontirati IR panel in termostat, saj za to ne potrebujejo nobenega znanja.\",\"breadcrumb\":{\"@id\":\"http:\/\/oldpage.gatom.eu\/hr\/product\/brezzicni-termostat-z-daljincem-za-ir-panele\/#breadcrumb\"},\"inLanguage\":\"hr\",\"potentialAction\":[{\"@type\":\"ReadAction\",\"target\":[\"http:\/\/oldpage.gatom.eu\/hr\/product\/brezzicni-termostat-z-daljincem-za-ir-panele\/\"]}]},{\"@type\":\"BreadcrumbList\",\"@id\":\"http:\/\/oldpage.gatom.eu\/hr\/product\/brezzicni-termostat-z-daljincem-za-ir-panele\/#breadcrumb\",\"itemListElement\":[{\"@type\":\"ListItem\",\"position\":1,\"name\":\"Home\",\"item\":\"https:\/\/oldpage.gatom.eu\/hr\/\"},{\"@type\":\"ListItem\",\"position\":2,\"name\":\"Shop\",\"item\":\"http:\/\/oldpage.gatom.eu\/shop\/\"},{\"@type\":\"ListItem\",\"position\":3,\"name\":\"Brez\u017ei\u010dni termostat z daljincem za IR panele\"}]},{\"@type\":\"WebSite\",\"@id\":\"http:\/\/oldpage.gatom.eu\/#website\",\"url\":\"http:\/\/oldpage.gatom.eu\/\",\"name\":\"Gatom\",\"description\":\"Strokovnjaki za ogrevanje in energetsko neodvisnost\",\"potentialAction\":[{\"@type\":\"SearchAction\",\"target\":{\"@type\":\"EntryPoint\",\"urlTemplate\":\"http:\/\/oldpage.gatom.eu\/?s={search_term_string}\"},\"query-input\":\"required name=search_term_string\"}],\"inLanguage\":\"hr\"}]}<\/script>\n<!-- \/ Yoast SEO plugin. -->","yoast_head_json":{"title":"Brez\u017ei\u010dni termostat z daljincem za IR panele - Gatom","description":"Brez\u017ei\u010dni daljinski termostat je namenjen izklju\u010dno za regulacijo IR panelov. Termostat je bil v letu 2018 prejemnik nagrade za energijsko u\u010dinkovit termostat za krmiljenje IR panelov. Sestavljen je iz sprejemnika, ki ga enostavno vtaknete v vti\u010dnico in daljinskega upravljalnika s katerim lahko nastavljate ogrevanje na daljavo.Brez\u017ei\u010dni termostat je \u0161e posebej primeren za uporabnike kateri si \u017eelijo samo zmontirati IR panel in termostat, saj za to ne potrebujejo nobenega znanja.","robots":{"index":"noindex","follow":"follow","max-snippet":"max-snippet:-1","max-image-preview":"max-image-preview:large","max-video-preview":"max-video-preview:-1"},"og_locale":"hr_HR","og_type":"article","og_title":"Brez\u017ei\u010dni termostat z daljincem za IR panele - Gatom","og_description":"Brez\u017ei\u010dni daljinski termostat je namenjen izklju\u010dno za regulacijo IR panelov. Termostat je bil v letu 2018 prejemnik nagrade za energijsko u\u010dinkovit termostat za krmiljenje IR panelov. Sestavljen je iz sprejemnika, ki ga enostavno vtaknete v vti\u010dnico in daljinskega upravljalnika s katerim lahko nastavljate ogrevanje na daljavo.Brez\u017ei\u010dni termostat je \u0161e posebej primeren za uporabnike kateri si \u017eelijo samo zmontirati IR panel in termostat, saj za to ne potrebujejo nobenega znanja.","og_url":"http:\/\/oldpage.gatom.eu\/hr\/product\/brezzicni-termostat-z-daljincem-za-ir-panele\/","og_site_name":"Gatom","article_modified_time":"2022-11-29T07:24:22+00:00","og_image":[{"width":1000,"height":1000,"url":"http:\/\/oldpage.gatom.eu\/wp-content\/uploads\/2022\/01\/External-solution.jpeg","type":"image\/jpeg"}],"twitter_card":"summary_large_image","twitter_misc":{"Procijenjeno vrijeme \u010ditanja":"2 minute"},"schema":{"@context":"https:\/\/schema.org","@graph":[{"@type":"WebPage","@id":"http:\/\/oldpage.gatom.eu\/hr\/product\/brezzicni-termostat-z-daljincem-za-ir-panele\/","url":"http:\/\/oldpage.gatom.eu\/hr\/product\/brezzicni-termostat-z-daljincem-za-ir-panele\/","name":"Brez\u017ei\u010dni termostat z daljincem za IR panele - Gatom","isPartOf":{"@id":"http:\/\/oldpage.gatom.eu\/#website"},"datePublished":"2022-01-06T08:05:06+00:00","dateModified":"2022-11-29T07:24:22+00:00","description":"Brez\u017ei\u010dni daljinski termostat je namenjen izklju\u010dno za regulacijo IR panelov. Termostat je bil v letu 2018 prejemnik nagrade za energijsko u\u010dinkovit termostat za krmiljenje IR panelov. Sestavljen je iz sprejemnika, ki ga enostavno vtaknete v vti\u010dnico in daljinskega upravljalnika s katerim lahko nastavljate ogrevanje na daljavo.Brez\u017ei\u010dni termostat je \u0161e posebej primeren za uporabnike kateri si \u017eelijo samo zmontirati IR panel in termostat, saj za to ne potrebujejo nobenega znanja.","breadcrumb":{"@id":"http:\/\/oldpage.gatom.eu\/hr\/product\/brezzicni-termostat-z-daljincem-za-ir-panele\/#breadcrumb"},"inLanguage":"hr","potentialAction":[{"@type":"ReadAction","target":["http:\/\/oldpage.gatom.eu\/hr\/product\/brezzicni-termostat-z-daljincem-za-ir-panele\/"]}]},{"@type":"BreadcrumbList","@id":"http:\/\/oldpage.gatom.eu\/hr\/product\/brezzicni-termostat-z-daljincem-za-ir-panele\/#breadcrumb","itemListElement":[{"@type":"ListItem","position":1,"name":"Home","item":"https:\/\/oldpage.gatom.eu\/hr\/"},{"@type":"ListItem","position":2,"name":"Shop","item":"http:\/\/oldpage.gatom.eu\/shop\/"},{"@type":"ListItem","position":3,"name":"Brez\u017ei\u010dni termostat z daljincem za IR panele"}]},{"@type":"WebSite","@id":"http:\/\/oldpage.gatom.eu\/#website","url":"http:\/\/oldpage.gatom.eu\/","name":"Gatom","description":"Strokovnjaki za ogrevanje in energetsko neodvisnost","potentialAction":[{"@type":"SearchAction","target":{"@type":"EntryPoint","urlTemplate":"http:\/\/oldpage.gatom.eu\/?s={search_term_string}"},"query-input":"required name=search_term_string"}],"inLanguage":"hr"}]}},"_links":{"self":[{"href":"http:\/\/oldpage.gatom.eu\/hr\/wp-json\/wp\/v2\/product\/8533"}],"collection":[{"href":"http:\/\/oldpage.gatom.eu\/hr\/wp-json\/wp\/v2\/product"}],"about":[{"href":"http:\/\/oldpage.gatom.eu\/hr\/wp-json\/wp\/v2\/types\/product"}],"replies":[{"embeddable":true,"href":"http:\/\/oldpage.gatom.eu\/hr\/wp-json\/wp\/v2\/comments?post=8533"}],"wp:featuredmedia":[{"embeddable":true,"href":"http:\/\/oldpage.gatom.eu\/hr\/wp-json\/wp\/v2\/media\/8538"}],"wp:attachment":[{"href":"http:\/\/oldpage.gatom.eu\/hr\/wp-json\/wp\/v2\/media?parent=8533"}],"wp:term":[{"taxonomy":"product_cat","embeddable":true,"href":"http:\/\/oldpage.gatom.eu\/hr\/wp-json\/wp\/v2\/product_cat?post=8533"},{"taxonomy":"product_tag","embeddable":true,"href":"http:\/\/oldpage.gatom.eu\/hr\/wp-json\/wp\/v2\/product_tag?post=8533"}],"curies":[{"name":"wp","href":"https:\/\/api.w.org\/{rel}","templated":true}]}}