{"id":8331,"date":"2021-05-12T15:29:59","date_gmt":"2021-05-12T15:29:59","guid":{"rendered":"http:\/\/oldpage.gatom.eu\/piskotki\/"},"modified":"2021-12-03T10:51:15","modified_gmt":"2021-12-03T10:51:15","slug":"web-kolacici","status":"publish","type":"page","link":"http:\/\/oldpage.gatom.eu\/hr\/web-kolacici\/","title":{"rendered":"Web kola\u010di\u0107i"},"content":{"rendered":"<section class=\"wpb-content-wrapper\"><p>[vc_row row_btt_skin=&#8221;light&#8221; row_background_text_position=&#8221;front&#8221; css=&#8221;.vc_custom_1620833573613{padding-top: 50px !important;padding-bottom: 50px !important;}&#8221;][vc_column]<div class=\"mkdf-section-title-holder  mkdf-st-standard mkdf-st-title-left mkdf-st-normal-space \" >\n\t<div class=\"mkdf-st-inner\">\n        \t\t\t\t\t<h2 class=\"mkdf-st-title\" >\n\t\t\t\tWeb kola\u010di\u0107i\t\t\t<\/h2>\n\t\t\t\t\t<\/div>\n<\/div>[\/vc_column][\/vc_row][vc_row row_btt_skin=&#8221;light&#8221; row_background_text_position=&#8221;front&#8221; css=&#8221;.vc_custom_1620833578947{padding-bottom: 50px !important;}&#8221;][vc_column][vc_column_text]Kori\u0161tenje kola\u010di\u0107a na web stranici: www.gatom.eu<br \/>\nOperater web stranice i svih podataka vezanih uz nju je:<\/p>\n<p>Naziv tvrtke: GATOM d.o.o.<br \/>\nAdresa: Usnjarska 9, 1241 Kamnik<br \/>\nE-mail: info@zdravoogrevanje.si<br \/>\nKontakt telefon: 030 679 722<\/p>\n<p>Vrste kola\u010di\u0107a, njihova svrha i trajanje:<\/p>\n<p>Kola\u010di\u0107i su male datoteke koje prenosimo na va\u0161e ra\u010dunalo. Oni poma\u017eu da web stranica radi br\u017ee. Web stranica koristi sljede\u0107e kola\u010di\u0107e:<\/p>\n<p>Naziv kola\u010di\u0107a: _ga<br \/>\nSvrha kola\u010di\u0107a: Googleova statistika pregleda<br \/>\nTrajanje: 30 dana<\/p>\n<p>Operater daje obavijest bez privole ako koristi sljede\u0107e kola\u010di\u0107e:<\/p>\n<p>kola\u010di\u0107i koji su potrebni isklju\u010divo u svrhu prijenosa poruke putem elektroni\u010dke komunikacijske mre\u017ee; i<br \/>\nkola\u010di\u0107i koji su striktno potrebni za pru\u017eanje usluge informacijskog dru\u0161tva koju izri\u010dito zahtijeva pretplatnik ili korisnik.<\/p>\n<p>Operater daje obavijest uz suglasnost korisnika u svim ostalim slu\u010dajevima te o tome obavje\u0161tava korisnika o mogu\u0107nostima postavljanja kola\u010di\u0107a. Operater ne koristi kola\u010di\u0107e bez izri\u010ditog pristanka korisnika za koji je za instalaciju potreban pristanak korisnika. Operater pru\u017ea mogu\u0107nost naknadne promjene privole korisnika \u010duvanjem obavijesti na vidljivom mjestu na web stranici.[\/vc_column_text][\/vc_column][\/vc_row]<\/p>\n<\/section>","protected":false},"excerpt":{"rendered":"<p>[vc_row row_btt_skin=&#8221;light&#8221; row_background_text_position=&#8221;front&#8221; css=&#8221;.vc_custom_1620833573613{padding-top: 50px !important;padding-bottom: 50px !important;}&#8221;][vc_column][\/vc_column][\/vc_row][vc_row row_btt_skin=&#8221;light&#8221; row_background_text_position=&#8221;front&#8221; css=&#8221;.vc_custom_1620833578947{padding-bottom: 50px !important;}&#8221;][vc_column][vc_column_text]Kori\u0161tenje kola\u010di\u0107a na web stranici: www.gatom.eu Operater web stranice i svih podataka vezanih uz nju je: Naziv tvrtke: GATOM d.o.o. Adresa: Usnjarska 9, 1241 Kamnik E-mail: info@zdravoogrevanje.si Kontakt [&hellip;]<\/p>\n","protected":false},"author":1,"featured_media":0,"parent":0,"menu_order":0,"comment_status":"closed","ping_status":"closed","template":"","meta":[],"yoast_head":"<!-- This site is optimized with the Yoast SEO plugin v20.2 - https:\/\/yoast.com\/wordpress\/plugins\/seo\/ -->\n<title>Web kola\u010di\u0107i - Gatom<\/title>\n<meta name=\"robots\" content=\"noindex, follow, max-snippet:-1, max-image-preview:large, max-video-preview:-1\" \/>\n<meta property=\"og:locale\" content=\"hr_HR\" \/>\n<meta property=\"og:type\" content=\"article\" \/>\n<meta property=\"og:title\" content=\"Web kola\u010di\u0107i - Gatom\" \/>\n<meta property=\"og:description\" content=\"[vc_row row_btt_skin=&#8221;light&#8221; row_background_text_position=&#8221;front&#8221; css=&#8221;.vc_custom_1620833573613{padding-top: 50px !important;padding-bottom: 50px !important;}&#8221;][vc_column][\/vc_column][\/vc_row][vc_row row_btt_skin=&#8221;light&#8221; row_background_text_position=&#8221;front&#8221; css=&#8221;.vc_custom_1620833578947{padding-bottom: 50px !important;}&#8221;][vc_column][vc_column_text]Kori\u0161tenje kola\u010di\u0107a na web stranici: www.gatom.eu Operater web stranice i svih podataka vezanih uz nju je: Naziv tvrtke: GATOM d.o.o. Adresa: Usnjarska 9, 1241 Kamnik E-mail: info@zdravoogrevanje.si Kontakt [&hellip;]\" \/>\n<meta property=\"og:url\" content=\"http:\/\/oldpage.gatom.eu\/hr\/web-kolacici\/\" \/>\n<meta property=\"og:site_name\" content=\"Gatom\" \/>\n<meta property=\"article:modified_time\" content=\"2021-12-03T10:51:15+00:00\" \/>\n<meta name=\"twitter:card\" content=\"summary_large_image\" \/>\n<meta name=\"twitter:label1\" content=\"Procijenjeno vrijeme \u010ditanja\" \/>\n\t<meta name=\"twitter:data1\" content=\"1 minuta\" \/>\n<script type=\"application\/ld+json\" class=\"yoast-schema-graph\">{\"@context\":\"https:\/\/schema.org\",\"@graph\":[{\"@type\":\"WebPage\",\"@id\":\"http:\/\/oldpage.gatom.eu\/hr\/web-kolacici\/\",\"url\":\"http:\/\/oldpage.gatom.eu\/hr\/web-kolacici\/\",\"name\":\"Web kola\u010di\u0107i - Gatom\",\"isPartOf\":{\"@id\":\"http:\/\/oldpage.gatom.eu\/#website\"},\"datePublished\":\"2021-05-12T15:29:59+00:00\",\"dateModified\":\"2021-12-03T10:51:15+00:00\",\"breadcrumb\":{\"@id\":\"http:\/\/oldpage.gatom.eu\/hr\/web-kolacici\/#breadcrumb\"},\"inLanguage\":\"hr\",\"potentialAction\":[{\"@type\":\"ReadAction\",\"target\":[\"http:\/\/oldpage.gatom.eu\/hr\/web-kolacici\/\"]}]},{\"@type\":\"BreadcrumbList\",\"@id\":\"http:\/\/oldpage.gatom.eu\/hr\/web-kolacici\/#breadcrumb\",\"itemListElement\":[{\"@type\":\"ListItem\",\"position\":1,\"name\":\"Home\",\"item\":\"https:\/\/oldpage.gatom.eu\/hr\/\"},{\"@type\":\"ListItem\",\"position\":2,\"name\":\"Web kola\u010di\u0107i\"}]},{\"@type\":\"WebSite\",\"@id\":\"http:\/\/oldpage.gatom.eu\/#website\",\"url\":\"http:\/\/oldpage.gatom.eu\/\",\"name\":\"Gatom\",\"description\":\"Strokovnjaki za ogrevanje in energetsko neodvisnost\",\"potentialAction\":[{\"@type\":\"SearchAction\",\"target\":{\"@type\":\"EntryPoint\",\"urlTemplate\":\"http:\/\/oldpage.gatom.eu\/?s={search_term_string}\"},\"query-input\":\"required name=search_term_string\"}],\"inLanguage\":\"hr\"}]}<\/script>\n<!-- \/ Yoast SEO plugin. -->","yoast_head_json":{"title":"Web kola\u010di\u0107i - Gatom","robots":{"index":"noindex","follow":"follow","max-snippet":"max-snippet:-1","max-image-preview":"max-image-preview:large","max-video-preview":"max-video-preview:-1"},"og_locale":"hr_HR","og_type":"article","og_title":"Web kola\u010di\u0107i - Gatom","og_description":"[vc_row row_btt_skin=&#8221;light&#8221; row_background_text_position=&#8221;front&#8221; css=&#8221;.vc_custom_1620833573613{padding-top: 50px !important;padding-bottom: 50px !important;}&#8221;][vc_column][\/vc_column][\/vc_row][vc_row row_btt_skin=&#8221;light&#8221; row_background_text_position=&#8221;front&#8221; css=&#8221;.vc_custom_1620833578947{padding-bottom: 50px !important;}&#8221;][vc_column][vc_column_text]Kori\u0161tenje kola\u010di\u0107a na web stranici: www.gatom.eu Operater web stranice i svih podataka vezanih uz nju je: Naziv tvrtke: GATOM d.o.o. Adresa: Usnjarska 9, 1241 Kamnik E-mail: info@zdravoogrevanje.si Kontakt [&hellip;]","og_url":"http:\/\/oldpage.gatom.eu\/hr\/web-kolacici\/","og_site_name":"Gatom","article_modified_time":"2021-12-03T10:51:15+00:00","twitter_card":"summary_large_image","twitter_misc":{"Procijenjeno vrijeme \u010ditanja":"1 minuta"},"schema":{"@context":"https:\/\/schema.org","@graph":[{"@type":"WebPage","@id":"http:\/\/oldpage.gatom.eu\/hr\/web-kolacici\/","url":"http:\/\/oldpage.gatom.eu\/hr\/web-kolacici\/","name":"Web kola\u010di\u0107i - Gatom","isPartOf":{"@id":"http:\/\/oldpage.gatom.eu\/#website"},"datePublished":"2021-05-12T15:29:59+00:00","dateModified":"2021-12-03T10:51:15+00:00","breadcrumb":{"@id":"http:\/\/oldpage.gatom.eu\/hr\/web-kolacici\/#breadcrumb"},"inLanguage":"hr","potentialAction":[{"@type":"ReadAction","target":["http:\/\/oldpage.gatom.eu\/hr\/web-kolacici\/"]}]},{"@type":"BreadcrumbList","@id":"http:\/\/oldpage.gatom.eu\/hr\/web-kolacici\/#breadcrumb","itemListElement":[{"@type":"ListItem","position":1,"name":"Home","item":"https:\/\/oldpage.gatom.eu\/hr\/"},{"@type":"ListItem","position":2,"name":"Web kola\u010di\u0107i"}]},{"@type":"WebSite","@id":"http:\/\/oldpage.gatom.eu\/#website","url":"http:\/\/oldpage.gatom.eu\/","name":"Gatom","description":"Strokovnjaki za ogrevanje in energetsko neodvisnost","potentialAction":[{"@type":"SearchAction","target":{"@type":"EntryPoint","urlTemplate":"http:\/\/oldpage.gatom.eu\/?s={search_term_string}"},"query-input":"required name=search_term_string"}],"inLanguage":"hr"}]}},"_links":{"self":[{"href":"http:\/\/oldpage.gatom.eu\/hr\/wp-json\/wp\/v2\/pages\/8331"}],"collection":[{"href":"http:\/\/oldpage.gatom.eu\/hr\/wp-json\/wp\/v2\/pages"}],"about":[{"href":"http:\/\/oldpage.gatom.eu\/hr\/wp-json\/wp\/v2\/types\/page"}],"author":[{"embeddable":true,"href":"http:\/\/oldpage.gatom.eu\/hr\/wp-json\/wp\/v2\/users\/1"}],"replies":[{"embeddable":true,"href":"http:\/\/oldpage.gatom.eu\/hr\/wp-json\/wp\/v2\/comments?post=8331"}],"version-history":[{"count":1,"href":"http:\/\/oldpage.gatom.eu\/hr\/wp-json\/wp\/v2\/pages\/8331\/revisions"}],"predecessor-version":[{"id":8332,"href":"http:\/\/oldpage.gatom.eu\/hr\/wp-json\/wp\/v2\/pages\/8331\/revisions\/8332"}],"wp:attachment":[{"href":"http:\/\/oldpage.gatom.eu\/hr\/wp-json\/wp\/v2\/media?parent=8331"}],"curies":[{"name":"wp","href":"https:\/\/api.w.org\/{rel}","templated":true}]}}