{"id":8274,"date":"2018-12-18T10:02:14","date_gmt":"2018-12-18T10:02:14","guid":{"rendered":"http:\/\/oldpage.gatom.eu\/kontakt\/"},"modified":"2021-12-03T08:58:06","modified_gmt":"2021-12-03T08:58:06","slug":"kontakt","status":"publish","type":"page","link":"http:\/\/oldpage.gatom.eu\/hr\/kontakt\/","title":{"rendered":"Kontakt"},"content":{"rendered":"<section class=\"wpb-content-wrapper\"><p>[vc_row gap=&#8221;5&#8243; row_content_width=&#8221;grid&#8221; row_btt_skin=&#8221;light&#8221; row_background_text_position=&#8221;front&#8221; css=&#8221;.vc_custom_1620659550878{padding-top: 50px !important;padding-bottom: 130px !important;}&#8221;][vc_column width=&#8221;1\/2&#8243;][vc_column_text]<\/p>\n<h4>Poslovna adresa Kamnik<\/h4>\n<p>[\/vc_column_text][vc_empty_space height=&#8221;15px&#8221;]<div class=\"mkdf-iwt clearfix  mkdf-iwt-icon-left  mkdf-iwt-icon-tiny\" >\n\t<div class=\"mkdf-iwt-icon\">\n\t\t\t\t\t<a itemprop=\"url\" href=\"https:\/\/www.google.com\/maps\/place\/Ljubljanska+cesta+15,+1241+Kamnik\/@46.2067941,14.5961682,17z\/data=!3m1!4b1!4m5!3m4!1s0x47654a860f15c5f7:0x8beed172032ad4b2!8m2!3d46.2067941!4d14.5983569\" target=\"_blank\">\n\t\t\t\t\t                <svg version=\"1.1\" id=\"Layer_1\" xmlns=\"http:\/\/www.w3.org\/2000\/svg\" xmlns:xlink=\"http:\/\/www.w3.org\/1999\/xlink\" x=\"0px\" y=\"0px\"\n\t width=\"15px\" height=\"18px\" viewBox=\"0 0 13 16\" style=\"enable-background:new 0 0 13 16;\" xml:space=\"preserve\">\n<style type=\"text\/css\">\n\t.st0{fill:#001659;}\n<\/style>\n<g>\n\t<path class=\"st0\" d=\"M11.8,2.8C10.6,1,8.7,0,6.5,0C4.3,0,2.4,1,1.2,2.8c-1.2,1.8-1.5,4-0.8,6c0.2,0.5,0.5,1.1,0.9,1.6L6,15.8\n\t\tC6.1,15.9,6.3,16,6.5,16c0.2,0,0.4-0.1,0.5-0.2l4.6-5.4c0.4-0.5,0.7-1,0.9-1.6C13.3,6.8,13.1,4.6,11.8,2.8z M11.4,8.3\n\t\tc-0.1,0.4-0.4,0.8-0.7,1.2l-4.2,4.9L2.3,9.5C2,9.1,1.8,8.7,1.6,8.3C1,6.7,1.3,4.9,2.2,3.5c1-1.4,2.5-2.2,4.3-2.2s3.3,0.8,4.3,2.2\n\t\tC11.7,4.9,12,6.7,11.4,8.3z\"\/>\n\t<path class=\"st0\" d=\"M6.5,3.3c-1.8,0-3.2,1.4-3.2,3.2s1.4,3.2,3.2,3.2c1.8,0,3.2-1.4,3.2-3.2S8.3,3.3,6.5,3.3z M8.4,6.5\n\t\tc0,1-0.8,1.9-1.9,1.9c-1,0-1.9-0.8-1.9-1.9s0.8-1.9,1.9-1.9C7.5,4.6,8.4,5.4,8.4,6.5z\"\/>\n<\/g>\n<\/svg>\n\t\t\t\t\t\t\t\t<\/a>\n\t\t\t<\/div>\n\t<div class=\"mkdf-iwt-content\" style=\"padding-left: 18px\">\n        \t\t\t\t\t\t\t<p class=\"mkdf-iwt-text\" style=\"margin-top: 0px\">Ljubljanska cesta 15, 1241 Kamnik<\/p>\n\t\t\t<\/div>\n<\/div>[vc_empty_space height=&#8221;14px&#8221;]<div class=\"mkdf-iwt clearfix  mkdf-iwt-icon-left  mkdf-iwt-icon-tiny\" >\n\t<div class=\"mkdf-iwt-icon\">\n\t\t\t\t\t<a itemprop=\"url\" href=\"tel:0038670770919\" target=\"_self\">\n\t\t\t\t\t                <svg version=\"1.1\" id=\"Layer_1\" xmlns=\"http:\/\/www.w3.org\/2000\/svg\" xmlns:xlink=\"http:\/\/www.w3.org\/1999\/xlink\" x=\"0px\" y=\"0px\"\n\t width=\"18px\" height=\"18px\" viewBox=\"0 0 16 16\" style=\"enable-background:new 0 0 16 16;\" xml:space=\"preserve\">\n<style type=\"text\/css\">\n\t.st0{fill:#12192D;}\n<\/style>\n<path class=\"st0\" d=\"M12.5,6.9c-0.3,0-0.6-0.2-0.6-0.5c-0.2-1.2-1.1-2-2.3-2.3C9.3,4,9.1,3.7,9.1,3.3C9.2,3,9.5,2.8,9.9,2.8\n\tC10.7,3,11.4,3.4,12,4c0.6,0.6,1,1.3,1.1,2.1c0.1,0.4-0.2,0.7-0.5,0.8C12.6,6.9,12.6,6.9,12.5,6.9z\"\/>\n<path class=\"st0\" d=\"M15.4,6.9c-0.3,0-0.6-0.2-0.6-0.6c-0.3-2.7-2.4-4.7-5-5c-0.4,0-0.6-0.4-0.6-0.7C9.2,0.2,9.5,0,9.8,0\n\tc1.6,0.2,3,0.9,4.2,2c1.1,1.1,1.8,2.6,2,4.2C16,6.5,15.8,6.8,15.4,6.9C15.4,6.9,15.4,6.9,15.4,6.9z\"\/>\n<path class=\"st0\" d=\"M13.2,16c-0.1,0-0.1,0-0.2,0c0,0,0,0,0,0c-2.3-0.2-4.5-1-6.4-2.3c-1.8-1.1-3.3-2.6-4.4-4.4C1,7.4,0.2,5.2,0,2.9\n\tc0,0,0,0,0,0c-0.1-1.1,0.7-2.1,1.9-2.2c0.1,0,0.1,0,0.2,0h2.1c1,0,1.9,0.7,2.1,1.8c0,0,0,0,0,0c0.1,0.6,0.2,1.2,0.5,1.8\n\tC7,5.1,6.8,5.9,6.2,6.5c0,0,0,0,0,0L5.7,7c0.8,1.3,2,2.5,3.3,3.3l0.5-0.5c0,0,0,0,0,0c0.6-0.6,1.4-0.7,2.2-0.5\n\tc0.6,0.2,1.2,0.4,1.8,0.5c0,0,0,0,0,0c1,0.1,1.8,1,1.8,2.1v2.1C15.3,15.1,14.4,16,13.2,16C13.2,16,13.2,16,13.2,16z M13.2,14.7\n\tC13.2,14.7,13.2,14.7,13.2,14.7c0.5,0,0.8-0.3,0.8-0.8v-2.1c0,0,0,0,0,0c0-0.4-0.3-0.7-0.7-0.8c-0.7-0.1-1.4-0.3-2.1-0.5\n\tc-0.3-0.1-0.6,0-0.8,0.2l-0.9,0.9c-0.2,0.2-0.5,0.2-0.8,0.1c-1.9-1.1-3.4-2.6-4.5-4.5C4.1,7,4.2,6.7,4.4,6.5l0.9-0.9\n\tC5.5,5.3,5.6,5,5.5,4.8C5.2,4.1,5,3.4,4.9,2.6C4.9,2.3,4.6,2,4.2,2c0,0,0,0,0,0H2.1C2,2,2,2,2,2C1.6,2,1.3,2.4,1.3,2.8\n\tc0.2,2.1,0.9,4.1,2.1,5.8c0,0,0,0,0,0c1,1.6,2.4,3,4,4c0,0,0,0,0,0C9.1,13.8,11.1,14.5,13.2,14.7z\"\/>\n<\/svg>\t\t\t\t\t\t\t\t<\/a>\n\t\t\t<\/div>\n\t<div class=\"mkdf-iwt-content\" style=\"padding-left: 14px\">\n        \t\t\t\t\t\t\t<p class=\"mkdf-iwt-text\" style=\"margin-top: 0px\">+386 70 770 919<\/p>\n\t\t\t<\/div>\n<\/div>[vc_empty_space height=&#8221;8px&#8221;]<div class=\"mkdf-iwt clearfix  mkdf-iwt-icon-left  mkdf-iwt-icon-medium\" >\n\t<div class=\"mkdf-iwt-icon\">\n\t\t\t\t\t\t\t\t\t    <span class=\"mkdf-icon-shortcode mkdf-normal   mkdf-icon-medium\"  data-hover-color=\"#ff5e14\">\n                    <i class=\"mkdf-icon-dripicons dripicon  mkdf-icon-element\" style=\"\" ><\/i>            <\/span>\n\t\t\t\t\t\t<\/div>\n\t<div class=\"mkdf-iwt-content\" style=\"padding-left: 30px\">\n        \t\t\t\t\t\t\t<p class=\"mkdf-iwt-text\" style=\"margin-top: 0px\">+386 30 679 722<\/p>\n\t\t\t<\/div>\n<\/div>[vc_empty_space height=&#8221;5px&#8221;]<div class=\"mkdf-iwt clearfix  mkdf-iwt-icon-left  mkdf-iwt-icon-tiny\" >\n\t<div class=\"mkdf-iwt-icon\">\n\t\t\t\t\t<a itemprop=\"url\" href=\"mailto:info@gatom.eu\" target=\"_self\">\n\t\t\t\t\t                <svg version=\"1.1\" id=\"Layer_1\" xmlns=\"http:\/\/www.w3.org\/2000\/svg\" xmlns:xlink=\"http:\/\/www.w3.org\/1999\/xlink\" x=\"0px\" y=\"0px\"\n\twidth=\"18px\" height=\"18px\" viewBox=\"0 0 16 16\" style=\"enable-background:new 0 0 16 16;\" xml:space=\"preserve\">\n<style type=\"text\/css\">\n\t.st0{fill:#12192D;}\n<\/style>\n<path class=\"st0\" d=\"M13.7,2.3C12.1,0.8,10.1,0,8,0c0,0,0,0,0,0C5.9,0,3.9,0.8,2.3,2.3C0.8,3.9,0,5.9,0,8c0,2.1,0.8,4.1,2.3,5.7\n\tC3.9,15.2,5.9,16,8,16c0,0,0,0,0,0c1.7,0,3.5-0.6,4.9-1.6c0.3-0.2,0.3-0.6,0.1-0.9c-0.2-0.3-0.6-0.3-0.9-0.1\n\tc-1.2,0.9-2.6,1.4-4.1,1.4h0c-1.8,0-3.5-0.7-4.7-2c-1.3-1.3-2-3-2-4.7c0-3.7,3-6.7,6.7-6.7h0c3.7,0,6.7,3,6.7,6.7v0.7\n\tc0,0.9-0.7,1.6-1.6,1.6c-0.9,0-1.6-0.7-1.6-1.6V8l0,0c0-2-1.6-3.6-3.6-3.6C6,4.4,4.4,6,4.4,8S6,11.6,8,11.6c1.1,0,2.1-0.5,2.8-1.3\n\tc0.5,0.8,1.4,1.3,2.4,1.3c1.6,0,2.9-1.3,2.9-2.9V8C16,5.9,15.2,3.9,13.7,2.3z M8,10.3c-1.3,0-2.3-1-2.3-2.3s1-2.3,2.3-2.3\n\tc1.3,0,2.3,1,2.3,2.3S9.3,10.3,8,10.3z\"\/>\n<\/svg>\n\t\t\t\t\t\t\t\t<\/a>\n\t\t\t<\/div>\n\t<div class=\"mkdf-iwt-content\" style=\"padding-left: 14px\">\n        \t\t\t\t\t\t\t<p class=\"mkdf-iwt-text\" style=\"margin-top: 2px\">info@gatom.eu<\/p>\n\t\t\t<\/div>\n<\/div>[vc_empty_space height=&#8221;20px&#8221;][vc_column_text]<iframe loading=\"lazy\" style=\"border: 0;\" src=\"https:\/\/www.google.com\/maps\/embed?pb=!1m14!1m8!1m3!1d820.659551972848!2d14.611146315257642!3d46.22321099673189!3m2!1i1024!2i768!4f13.1!3m3!1m2!1s0x47654af7b598e24f%3A0xeada99c9c021129a!2sUsnjarska%20cesta%209%2C%201241%20Kamnik!5e0!3m2!1ssl!2ssi!4v1620659718076!5m2!1ssl!2ssi\" width=\"600\" height=\"450\" allowfullscreen=\"allowfullscreen\"><\/iframe>[\/vc_column_text][\/vc_column][vc_column width=&#8221;1\/2&#8243;]\n<div class=\"wpcf7 no-js\" id=\"wpcf7-f8221-o1\" lang=\"en-US\" dir=\"ltr\">\n<div class=\"screen-reader-response\"><p role=\"status\" aria-live=\"polite\" aria-atomic=\"true\"><\/p> <ul><\/ul><\/div>\n<form action=\"\/hr\/wp-json\/wp\/v2\/pages\/8274#wpcf7-f8221-o1\" method=\"post\" class=\"wpcf7-form init\" aria-label=\"Contact form\" novalidate=\"novalidate\" data-status=\"init\">\n<div style=\"display: none;\">\n<input type=\"hidden\" name=\"_wpcf7\" value=\"8221\" \/>\n<input type=\"hidden\" name=\"_wpcf7_version\" value=\"5.7.4\" \/>\n<input type=\"hidden\" name=\"_wpcf7_locale\" value=\"en_US\" \/>\n<input type=\"hidden\" name=\"_wpcf7_unit_tag\" value=\"wpcf7-f8221-o1\" \/>\n<input type=\"hidden\" name=\"_wpcf7_container_post\" value=\"0\" \/>\n<input type=\"hidden\" name=\"_wpcf7_posted_data_hash\" value=\"\" \/>\n<\/div>\n<p><label> Ime i prezime:<br \/>\n<span class=\"wpcf7-form-control-wrap\" data-name=\"your-name\"><input size=\"40\" class=\"wpcf7-form-control wpcf7-text wpcf7-validates-as-required\" aria-required=\"true\" aria-invalid=\"false\" value=\"\" type=\"text\" name=\"your-name\" \/><\/span> <\/label>\n<\/p>\n<p><label> Va\u0161a elktronska adresa:<br \/>\n<span class=\"wpcf7-form-control-wrap\" data-name=\"your-email\"><input size=\"40\" class=\"wpcf7-form-control wpcf7-text wpcf7-email wpcf7-validates-as-required wpcf7-validates-as-email\" aria-required=\"true\" aria-invalid=\"false\" value=\"\" type=\"email\" name=\"your-email\" \/><\/span> <\/label>\n<\/p>\n<p><label> Mobilni broj:<br \/>\n<span class=\"wpcf7-form-control-wrap\" data-name=\"tel-932\"><input size=\"40\" class=\"wpcf7-form-control wpcf7-text wpcf7-tel wpcf7-validates-as-tel\" aria-invalid=\"false\" value=\"\" type=\"tel\" name=\"tel-932\" \/><\/span> <\/label>\n<\/p>\n<p><label> Va\u0161a poruka:<br \/>\n<span class=\"wpcf7-form-control-wrap\" data-name=\"your-message\"><textarea cols=\"40\" rows=\"10\" class=\"wpcf7-form-control wpcf7-textarea\" aria-invalid=\"false\" name=\"your-message\"><\/textarea><\/span> <\/label>\n<\/p>\n<p><label><span class=\"wpcf7-form-control-wrap\" data-name=\"kljukica\"><span class=\"wpcf7-form-control wpcf7-checkbox wpcf7-validates-as-required\"><span class=\"wpcf7-list-item first last\"><label><input type=\"checkbox\" name=\"kljukica[]\" value=\"Sla\u017eem se da Gatom d. o. o. interno pohranjuje i obra\u0111uje osobne podatke navedene u obrascu za interne analize, odgovore na upite i pitanja te statisti\u010dku obradu.\" \/><span class=\"wpcf7-list-item-label\">Sla\u017eem se da Gatom d. o. o. interno pohranjuje i obra\u0111uje osobne podatke navedene u obrascu za interne analize, odgovore na upite i pitanja te statisti\u010dku obradu.<\/span><\/label><\/span><\/span><\/span><\/label>\n<\/p>\n<p><button class=\"wpcf7-form-control wpcf7-submit mkdf-btn mkdf-btn-medium mkdf-btn-solid\" type=\"submit\"><span class=\"mkdf-btn-text\">\u0160aljite poruku<\/span><\/button>\n<\/p><div class=\"wpcf7-response-output\" aria-hidden=\"true\"><\/div>\n<\/form>\n<\/div>\n[\/vc_column][\/vc_row]<\/p>\n<\/section>","protected":false},"excerpt":{"rendered":"<p>[vc_row gap=&#8221;5&#8243; row_content_width=&#8221;grid&#8221; row_btt_skin=&#8221;light&#8221; row_background_text_position=&#8221;front&#8221; css=&#8221;.vc_custom_1620659550878{padding-top: 50px !important;padding-bottom: 130px !important;}&#8221;][vc_column width=&#8221;1\/2&#8243;][vc_column_text] Poslovna adresa Kamnik [\/vc_column_text][vc_empty_space height=&#8221;15px&#8221;][vc_empty_space height=&#8221;14px&#8221;][vc_empty_space height=&#8221;8px&#8221;][vc_empty_space height=&#8221;5px&#8221;][vc_empty_space height=&#8221;20px&#8221;][vc_column_text][\/vc_column_text][\/vc_column][vc_column width=&#8221;1\/2&#8243;][\/vc_column][\/vc_row]<\/p>\n","protected":false},"author":1,"featured_media":0,"parent":0,"menu_order":0,"comment_status":"closed","ping_status":"closed","template":"full-width.php","meta":[],"yoast_head":"<!-- This site is optimized with the Yoast SEO plugin v20.2 - https:\/\/yoast.com\/wordpress\/plugins\/seo\/ -->\n<title>Kontakt - Gatom<\/title>\n<meta name=\"robots\" content=\"noindex, follow, max-snippet:-1, max-image-preview:large, max-video-preview:-1\" \/>\n<meta property=\"og:locale\" content=\"hr_HR\" \/>\n<meta property=\"og:type\" content=\"article\" \/>\n<meta property=\"og:title\" content=\"Kontakt - Gatom\" \/>\n<meta property=\"og:description\" content=\"[vc_row gap=&#8221;5&#8243; row_content_width=&#8221;grid&#8221; row_btt_skin=&#8221;light&#8221; row_background_text_position=&#8221;front&#8221; css=&#8221;.vc_custom_1620659550878{padding-top: 50px !important;padding-bottom: 130px !important;}&#8221;][vc_column width=&#8221;1\/2&#8243;][vc_column_text] Poslovna adresa Kamnik [\/vc_column_text][vc_empty_space height=&#8221;15px&#8221;][vc_empty_space height=&#8221;14px&#8221;][vc_empty_space height=&#8221;8px&#8221;][vc_empty_space height=&#8221;5px&#8221;][vc_empty_space height=&#8221;20px&#8221;][vc_column_text][\/vc_column_text][\/vc_column][vc_column width=&#8221;1\/2&#8243;][\/vc_column][\/vc_row]\" \/>\n<meta property=\"og:url\" content=\"http:\/\/oldpage.gatom.eu\/hr\/kontakt\/\" \/>\n<meta property=\"og:site_name\" content=\"Gatom\" \/>\n<meta property=\"article:modified_time\" content=\"2021-12-03T08:58:06+00:00\" \/>\n<meta name=\"twitter:card\" content=\"summary_large_image\" \/>\n<meta name=\"twitter:label1\" content=\"Est. reading time\" \/>\n\t<meta name=\"twitter:data1\" content=\"1 minuta\" \/>\n<script type=\"application\/ld+json\" class=\"yoast-schema-graph\">{\"@context\":\"https:\/\/schema.org\",\"@graph\":[{\"@type\":\"WebPage\",\"@id\":\"http:\/\/oldpage.gatom.eu\/hr\/kontakt\/\",\"url\":\"http:\/\/oldpage.gatom.eu\/hr\/kontakt\/\",\"name\":\"Kontakt - Gatom\",\"isPartOf\":{\"@id\":\"http:\/\/oldpage.gatom.eu\/#website\"},\"datePublished\":\"2018-12-18T10:02:14+00:00\",\"dateModified\":\"2021-12-03T08:58:06+00:00\",\"breadcrumb\":{\"@id\":\"http:\/\/oldpage.gatom.eu\/hr\/kontakt\/#breadcrumb\"},\"inLanguage\":\"hr\",\"potentialAction\":[{\"@type\":\"ReadAction\",\"target\":[\"http:\/\/oldpage.gatom.eu\/hr\/kontakt\/\"]}]},{\"@type\":\"BreadcrumbList\",\"@id\":\"http:\/\/oldpage.gatom.eu\/hr\/kontakt\/#breadcrumb\",\"itemListElement\":[{\"@type\":\"ListItem\",\"position\":1,\"name\":\"Home\",\"item\":\"https:\/\/oldpage.gatom.eu\/hr\/\"},{\"@type\":\"ListItem\",\"position\":2,\"name\":\"Kontakt\"}]},{\"@type\":\"WebSite\",\"@id\":\"http:\/\/oldpage.gatom.eu\/#website\",\"url\":\"http:\/\/oldpage.gatom.eu\/\",\"name\":\"Gatom\",\"description\":\"Strokovnjaki za ogrevanje in energetsko neodvisnost\",\"potentialAction\":[{\"@type\":\"SearchAction\",\"target\":{\"@type\":\"EntryPoint\",\"urlTemplate\":\"http:\/\/oldpage.gatom.eu\/?s={search_term_string}\"},\"query-input\":\"required name=search_term_string\"}],\"inLanguage\":\"hr\"}]}<\/script>\n<!-- \/ Yoast SEO plugin. -->","yoast_head_json":{"title":"Kontakt - Gatom","robots":{"index":"noindex","follow":"follow","max-snippet":"max-snippet:-1","max-image-preview":"max-image-preview:large","max-video-preview":"max-video-preview:-1"},"og_locale":"hr_HR","og_type":"article","og_title":"Kontakt - Gatom","og_description":"[vc_row gap=&#8221;5&#8243; row_content_width=&#8221;grid&#8221; row_btt_skin=&#8221;light&#8221; row_background_text_position=&#8221;front&#8221; css=&#8221;.vc_custom_1620659550878{padding-top: 50px !important;padding-bottom: 130px !important;}&#8221;][vc_column width=&#8221;1\/2&#8243;][vc_column_text] Poslovna adresa Kamnik [\/vc_column_text][vc_empty_space height=&#8221;15px&#8221;][vc_empty_space height=&#8221;14px&#8221;][vc_empty_space height=&#8221;8px&#8221;][vc_empty_space height=&#8221;5px&#8221;][vc_empty_space height=&#8221;20px&#8221;][vc_column_text][\/vc_column_text][\/vc_column][vc_column width=&#8221;1\/2&#8243;][\/vc_column][\/vc_row]","og_url":"http:\/\/oldpage.gatom.eu\/hr\/kontakt\/","og_site_name":"Gatom","article_modified_time":"2021-12-03T08:58:06+00:00","twitter_card":"summary_large_image","twitter_misc":{"Est. reading time":"1 minuta"},"schema":{"@context":"https:\/\/schema.org","@graph":[{"@type":"WebPage","@id":"http:\/\/oldpage.gatom.eu\/hr\/kontakt\/","url":"http:\/\/oldpage.gatom.eu\/hr\/kontakt\/","name":"Kontakt - Gatom","isPartOf":{"@id":"http:\/\/oldpage.gatom.eu\/#website"},"datePublished":"2018-12-18T10:02:14+00:00","dateModified":"2021-12-03T08:58:06+00:00","breadcrumb":{"@id":"http:\/\/oldpage.gatom.eu\/hr\/kontakt\/#breadcrumb"},"inLanguage":"hr","potentialAction":[{"@type":"ReadAction","target":["http:\/\/oldpage.gatom.eu\/hr\/kontakt\/"]}]},{"@type":"BreadcrumbList","@id":"http:\/\/oldpage.gatom.eu\/hr\/kontakt\/#breadcrumb","itemListElement":[{"@type":"ListItem","position":1,"name":"Home","item":"https:\/\/oldpage.gatom.eu\/hr\/"},{"@type":"ListItem","position":2,"name":"Kontakt"}]},{"@type":"WebSite","@id":"http:\/\/oldpage.gatom.eu\/#website","url":"http:\/\/oldpage.gatom.eu\/","name":"Gatom","description":"Strokovnjaki za ogrevanje in energetsko neodvisnost","potentialAction":[{"@type":"SearchAction","target":{"@type":"EntryPoint","urlTemplate":"http:\/\/oldpage.gatom.eu\/?s={search_term_string}"},"query-input":"required name=search_term_string"}],"inLanguage":"hr"}]}},"_links":{"self":[{"href":"http:\/\/oldpage.gatom.eu\/hr\/wp-json\/wp\/v2\/pages\/8274"}],"collection":[{"href":"http:\/\/oldpage.gatom.eu\/hr\/wp-json\/wp\/v2\/pages"}],"about":[{"href":"http:\/\/oldpage.gatom.eu\/hr\/wp-json\/wp\/v2\/types\/page"}],"author":[{"embeddable":true,"href":"http:\/\/oldpage.gatom.eu\/hr\/wp-json\/wp\/v2\/users\/1"}],"replies":[{"embeddable":true,"href":"http:\/\/oldpage.gatom.eu\/hr\/wp-json\/wp\/v2\/comments?post=8274"}],"version-history":[{"count":1,"href":"http:\/\/oldpage.gatom.eu\/hr\/wp-json\/wp\/v2\/pages\/8274\/revisions"}],"predecessor-version":[{"id":8276,"href":"http:\/\/oldpage.gatom.eu\/hr\/wp-json\/wp\/v2\/pages\/8274\/revisions\/8276"}],"wp:attachment":[{"href":"http:\/\/oldpage.gatom.eu\/hr\/wp-json\/wp\/v2\/media?parent=8274"}],"curies":[{"name":"wp","href":"https:\/\/api.w.org\/{rel}","templated":true}]}}